{"id":20673,"date":"2023-05-10T10:28:12","date_gmt":"2023-05-10T08:28:12","guid":{"rendered":"https:\/\/cenva.hemsida.eu\/butik\/?post_type=product&#038;p=20673"},"modified":"2023-05-10T10:32:11","modified_gmt":"2023-05-10T08:32:11","slug":"cevac-me-2800","status":"publish","type":"product","link":"https:\/\/cenva.hemsida.eu\/butik\/produkt\/mobila-dammsugare\/cevac-me-2800\/","title":{"rendered":"Cevac ME-2800"},"content":{"rendered":"<p>Teknisk data \/ Technical data<\/p>\n<p>Vikt\/Weight: 46kg<br \/>\nM\u00e5tt\/Measurements (DxWxH): 595x830x1275mm<br \/>\nLjudniv\u00e5\/Sound level: 69dB (fritt utlopp\/free flow)<br \/>\nSp\u00e4nning\/Voltage: 220-230V 1fas\/1-phase<br \/>\nMotoreffekt\/Motor power: 2x1250W<br \/>\nS\u00e4kring\/Fuse: 10A<br \/>\nMaximalt luftfl\u00f6de\/Maximum airflow: 272m3\/h<br \/>\nMaximalt Vakuum: 23kpa<br \/>\nNumber of users: 1<br \/>\nFinfilter Polyester<br \/>\nHepafilter H13<br \/>\nUppsamling Longopack<br \/>\nIP-22<\/p>\n","protected":false},"excerpt":{"rendered":"<p>Cevac ME-2800 \u00e4r en robust mobil dammsugare f\u00f6r industri. Den hanterar det farliga dammet du inte vill andas in!<\/p>\n<p>Dammsugaren har dubbla motorer samt dubbla Hepa H-13 filter.<br \/>\nDet ing\u00e5r st\u00e4dutrustning med 5meter st\u00e4dslang. Kabell\u00e4ngden \u00e4r p\u00e5 10meter.<\/p>\n<p><a href=\"http:\/\/cevac.se\/wp-content\/uploads\/2023\/03\/Cevac-ME-2800.pdf\">Cevac-ME-2800.pdf<\/a><\/p>\n<p>Kontakta oss f\u00f6r offert och mer information.<\/p>\n","protected":false},"featured_media":20674,"template":"","meta":[],"product_brand":[],"product_cat":[112],"product_tag":[],"class_list":{"0":"post-20673","1":"product","2":"type-product","3":"status-publish","4":"has-post-thumbnail","6":"product_cat-mobila-dammsugare","8":"first","9":"instock","10":"taxable","11":"shipping-taxable","12":"product-type-simple"},"bundle_layout":"","bundled_by":[],"bundled_items":[],"yoast_head":"<!-- This site is optimized with the Yoast SEO plugin v25.0 - https:\/\/yoast.com\/wordpress\/plugins\/seo\/ -->\n<title>Cevac ME-2800 | Webbutiken | Cenva AB<\/title>\n<meta name=\"robots\" content=\"noindex, follow, max-snippet:-1, max-image-preview:large, max-video-preview:-1\" \/>\n<meta property=\"og:locale\" content=\"sv_SE\" \/>\n<meta property=\"og:type\" content=\"article\" \/>\n<meta property=\"og:title\" content=\"Cevac ME-2800 | Webbutiken | Cenva AB\" \/>\n<meta property=\"og:description\" content=\"Cevac ME-2800 \u00e4r en robust mobil dammsugare f\u00f6r industri. Den hanterar det farliga dammet du inte vill andas in!  Dammsugaren har dubbla motorer samt dubbla Hepa H-13 filter. Det ing\u00e5r st\u00e4dutrustning med 5meter st\u00e4dslang. Kabell\u00e4ngden \u00e4r p\u00e5 10meter.  Cevac-ME-2800.pdf  Kontakta oss f\u00f6r offert och mer information.\" \/>\n<meta property=\"og:url\" content=\"https:\/\/cenva.hemsida.eu\/butik\/produkt\/mobila-dammsugare\/cevac-me-2800\/\" \/>\n<meta property=\"og:site_name\" content=\"Webbutiken | Cenva AB\" \/>\n<meta property=\"article:publisher\" content=\"https:\/\/www.facebook.com\/Cenva-AB-Centraldammsugare-1544305639196589\" \/>\n<meta property=\"article:modified_time\" content=\"2023-05-10T08:32:11+00:00\" \/>\n<meta property=\"og:image\" content=\"https:\/\/cenva.hemsida.eu\/butik\/wp-content\/uploads\/ME-2800.jpg\" \/>\n\t<meta property=\"og:image:width\" content=\"539\" \/>\n\t<meta property=\"og:image:height\" content=\"719\" \/>\n\t<meta property=\"og:image:type\" content=\"image\/jpeg\" \/>\n<meta name=\"twitter:card\" content=\"summary_large_image\" \/>\n<script type=\"application\/ld+json\" class=\"yoast-schema-graph\">{\"@context\":\"https:\/\/schema.org\",\"@graph\":[{\"@type\":\"WebPage\",\"@id\":\"https:\/\/cenva.hemsida.eu\/butik\/produkt\/mobila-dammsugare\/cevac-me-2800\/\",\"url\":\"https:\/\/cenva.hemsida.eu\/butik\/produkt\/mobila-dammsugare\/cevac-me-2800\/\",\"name\":\"Cevac ME-2800 | Webbutiken | Cenva AB\",\"isPartOf\":{\"@id\":\"https:\/\/cenva.hemsida.eu\/butik\/#website\"},\"primaryImageOfPage\":{\"@id\":\"https:\/\/cenva.hemsida.eu\/butik\/produkt\/mobila-dammsugare\/cevac-me-2800\/#primaryimage\"},\"image\":{\"@id\":\"https:\/\/cenva.hemsida.eu\/butik\/produkt\/mobila-dammsugare\/cevac-me-2800\/#primaryimage\"},\"thumbnailUrl\":\"https:\/\/cenva.hemsida.eu\/butik\/wp-content\/uploads\/ME-2800.jpg\",\"datePublished\":\"2023-05-10T08:28:12+00:00\",\"dateModified\":\"2023-05-10T08:32:11+00:00\",\"breadcrumb\":{\"@id\":\"https:\/\/cenva.hemsida.eu\/butik\/produkt\/mobila-dammsugare\/cevac-me-2800\/#breadcrumb\"},\"inLanguage\":\"sv-SE\",\"potentialAction\":[{\"@type\":\"ReadAction\",\"target\":[\"https:\/\/cenva.hemsida.eu\/butik\/produkt\/mobila-dammsugare\/cevac-me-2800\/\"]}]},{\"@type\":\"ImageObject\",\"inLanguage\":\"sv-SE\",\"@id\":\"https:\/\/cenva.hemsida.eu\/butik\/produkt\/mobila-dammsugare\/cevac-me-2800\/#primaryimage\",\"url\":\"https:\/\/cenva.hemsida.eu\/butik\/wp-content\/uploads\/ME-2800.jpg\",\"contentUrl\":\"https:\/\/cenva.hemsida.eu\/butik\/wp-content\/uploads\/ME-2800.jpg\",\"width\":539,\"height\":719},{\"@type\":\"BreadcrumbList\",\"@id\":\"https:\/\/cenva.hemsida.eu\/butik\/produkt\/mobila-dammsugare\/cevac-me-2800\/#breadcrumb\",\"itemListElement\":[{\"@type\":\"ListItem\",\"position\":1,\"name\":\"Hem\",\"item\":\"https:\/\/cenva.hemsida.eu\/butik\/\"},{\"@type\":\"ListItem\",\"position\":2,\"name\":\"Webbutik\",\"item\":\"https:\/\/cenva.hemsida.eu\/butik\/butik\/\"},{\"@type\":\"ListItem\",\"position\":3,\"name\":\"Cevac ME-2800\"}]},{\"@type\":\"WebSite\",\"@id\":\"https:\/\/cenva.hemsida.eu\/butik\/#website\",\"url\":\"https:\/\/cenva.hemsida.eu\/butik\/\",\"name\":\"Webbutiken | Cenva AB\",\"description\":\"Centraldammsugare butiken\",\"potentialAction\":[{\"@type\":\"SearchAction\",\"target\":{\"@type\":\"EntryPoint\",\"urlTemplate\":\"https:\/\/cenva.hemsida.eu\/butik\/?s={search_term_string}\"},\"query-input\":{\"@type\":\"PropertyValueSpecification\",\"valueRequired\":true,\"valueName\":\"search_term_string\"}}],\"inLanguage\":\"sv-SE\"}]}<\/script>\n<!-- \/ Yoast SEO plugin. -->","yoast_head_json":{"title":"Cevac ME-2800 | Webbutiken | Cenva AB","robots":{"index":"noindex","follow":"follow","max-snippet":"max-snippet:-1","max-image-preview":"max-image-preview:large","max-video-preview":"max-video-preview:-1"},"og_locale":"sv_SE","og_type":"article","og_title":"Cevac ME-2800 | Webbutiken | Cenva AB","og_description":"Cevac ME-2800 \u00e4r en robust mobil dammsugare f\u00f6r industri. Den hanterar det farliga dammet du inte vill andas in!  Dammsugaren har dubbla motorer samt dubbla Hepa H-13 filter. Det ing\u00e5r st\u00e4dutrustning med 5meter st\u00e4dslang. Kabell\u00e4ngden \u00e4r p\u00e5 10meter.  Cevac-ME-2800.pdf  Kontakta oss f\u00f6r offert och mer information.","og_url":"https:\/\/cenva.hemsida.eu\/butik\/produkt\/mobila-dammsugare\/cevac-me-2800\/","og_site_name":"Webbutiken | Cenva AB","article_publisher":"https:\/\/www.facebook.com\/Cenva-AB-Centraldammsugare-1544305639196589","article_modified_time":"2023-05-10T08:32:11+00:00","og_image":[{"width":539,"height":719,"url":"https:\/\/cenva.hemsida.eu\/butik\/wp-content\/uploads\/ME-2800.jpg","type":"image\/jpeg"}],"twitter_card":"summary_large_image","schema":{"@context":"https:\/\/schema.org","@graph":[{"@type":"WebPage","@id":"https:\/\/cenva.hemsida.eu\/butik\/produkt\/mobila-dammsugare\/cevac-me-2800\/","url":"https:\/\/cenva.hemsida.eu\/butik\/produkt\/mobila-dammsugare\/cevac-me-2800\/","name":"Cevac ME-2800 | Webbutiken | Cenva AB","isPartOf":{"@id":"https:\/\/cenva.hemsida.eu\/butik\/#website"},"primaryImageOfPage":{"@id":"https:\/\/cenva.hemsida.eu\/butik\/produkt\/mobila-dammsugare\/cevac-me-2800\/#primaryimage"},"image":{"@id":"https:\/\/cenva.hemsida.eu\/butik\/produkt\/mobila-dammsugare\/cevac-me-2800\/#primaryimage"},"thumbnailUrl":"https:\/\/cenva.hemsida.eu\/butik\/wp-content\/uploads\/ME-2800.jpg","datePublished":"2023-05-10T08:28:12+00:00","dateModified":"2023-05-10T08:32:11+00:00","breadcrumb":{"@id":"https:\/\/cenva.hemsida.eu\/butik\/produkt\/mobila-dammsugare\/cevac-me-2800\/#breadcrumb"},"inLanguage":"sv-SE","potentialAction":[{"@type":"ReadAction","target":["https:\/\/cenva.hemsida.eu\/butik\/produkt\/mobila-dammsugare\/cevac-me-2800\/"]}]},{"@type":"ImageObject","inLanguage":"sv-SE","@id":"https:\/\/cenva.hemsida.eu\/butik\/produkt\/mobila-dammsugare\/cevac-me-2800\/#primaryimage","url":"https:\/\/cenva.hemsida.eu\/butik\/wp-content\/uploads\/ME-2800.jpg","contentUrl":"https:\/\/cenva.hemsida.eu\/butik\/wp-content\/uploads\/ME-2800.jpg","width":539,"height":719},{"@type":"BreadcrumbList","@id":"https:\/\/cenva.hemsida.eu\/butik\/produkt\/mobila-dammsugare\/cevac-me-2800\/#breadcrumb","itemListElement":[{"@type":"ListItem","position":1,"name":"Hem","item":"https:\/\/cenva.hemsida.eu\/butik\/"},{"@type":"ListItem","position":2,"name":"Webbutik","item":"https:\/\/cenva.hemsida.eu\/butik\/butik\/"},{"@type":"ListItem","position":3,"name":"Cevac ME-2800"}]},{"@type":"WebSite","@id":"https:\/\/cenva.hemsida.eu\/butik\/#website","url":"https:\/\/cenva.hemsida.eu\/butik\/","name":"Webbutiken | Cenva AB","description":"Centraldammsugare butiken","potentialAction":[{"@type":"SearchAction","target":{"@type":"EntryPoint","urlTemplate":"https:\/\/cenva.hemsida.eu\/butik\/?s={search_term_string}"},"query-input":{"@type":"PropertyValueSpecification","valueRequired":true,"valueName":"search_term_string"}}],"inLanguage":"sv-SE"}]}},"_links":{"self":[{"href":"https:\/\/cenva.hemsida.eu\/butik\/wp-json\/wp\/v2\/product\/20673","targetHints":{"allow":["GET"]}}],"collection":[{"href":"https:\/\/cenva.hemsida.eu\/butik\/wp-json\/wp\/v2\/product"}],"about":[{"href":"https:\/\/cenva.hemsida.eu\/butik\/wp-json\/wp\/v2\/types\/product"}],"wp:featuredmedia":[{"embeddable":true,"href":"https:\/\/cenva.hemsida.eu\/butik\/wp-json\/wp\/v2\/media\/20674"}],"wp:attachment":[{"href":"https:\/\/cenva.hemsida.eu\/butik\/wp-json\/wp\/v2\/media?parent=20673"}],"wp:term":[{"taxonomy":"product_brand","embeddable":true,"href":"https:\/\/cenva.hemsida.eu\/butik\/wp-json\/wp\/v2\/product_brand?post=20673"},{"taxonomy":"product_cat","embeddable":true,"href":"https:\/\/cenva.hemsida.eu\/butik\/wp-json\/wp\/v2\/product_cat?post=20673"},{"taxonomy":"product_tag","embeddable":true,"href":"https:\/\/cenva.hemsida.eu\/butik\/wp-json\/wp\/v2\/product_tag?post=20673"}],"curies":[{"name":"wp","href":"https:\/\/api.w.org\/{rel}","templated":true}]}}