{"id":20669,"date":"2023-05-10T10:02:17","date_gmt":"2023-05-10T08:02:17","guid":{"rendered":"https:\/\/cenva.hemsida.eu\/butik\/?post_type=product&#038;p=20669"},"modified":"2023-07-05T14:02:55","modified_gmt":"2023-07-05T12:02:55","slug":"cevac-ce-930","status":"publish","type":"product","link":"https:\/\/cenva.hemsida.eu\/butik\/produkt\/mobila-dammsugare\/cevac-ce-930\/","title":{"rendered":"Cevac CE-930"},"content":{"rendered":"<p>Teknisk data<\/p>\n<p>Vikt\/Weight: 7,9kg<br \/>\nM\u00e5tt\/Measurements (DxWxH): 440x390x330mm<br \/>\nLjudniv\u00e5\/Sound level: 57dB<br \/>\nSp\u00e4nning\/Voltage: 220-240V 1fas\/1-phase<br \/>\nMotoreffekt\/Motor power: 760W<br \/>\nS\u00e4kring\/Fuse: 10A<br \/>\nMaximalt luftfl\u00f6de\/Maximum airflow: 33 l\/sek<br \/>\nMaximalt Vakuum: 23kpa<br \/>\nHepafilter: H13<br \/>\nFilterp\u00e5se \/ Dustbag: 15l<br \/>\nIP Protection: IP20<br \/>\nKabell\u00e4ngd: 15,5m<\/p>\n","protected":false},"excerpt":{"rendered":"<p>Cevac CE-930 \u00e4r en mobil dammsugare f\u00f6r kr\u00e4vande milj\u00f6er. Exempelvis f\u00f6r hotell, skolor, kontor eller sjukhus etc.<br \/>\nMaskinen har en stor p\u00e5se som rymmer hela 15 liter och Hepa13 utbl\u00e5sfilter som standard.<\/p>\n<p>Den geniala designen optimerar luftfl\u00f6det och minskar energif\u00f6rlusterna.<br \/>\nCE-930 \u00e4r en av de tystaste professionella dammsugarna som finns p\u00e5 marknaden!<\/p>\n<p>Se teknisk data l\u00e4ngre ned p\u00e5 sidan.<\/p>\n<p>Kontakta oss f\u00f6r offert.<\/p>\n","protected":false},"featured_media":20670,"template":"","meta":[],"product_brand":[],"product_cat":[112],"product_tag":[],"class_list":{"0":"post-20669","1":"product","2":"type-product","3":"status-publish","4":"has-post-thumbnail","6":"product_cat-mobila-dammsugare","7":"product_shipping_class-frakt-ombud","9":"first","10":"instock","11":"taxable","12":"shipping-taxable","13":"product-type-simple"},"bundle_layout":"","bundled_by":[],"bundled_items":[],"yoast_head":"<!-- This site is optimized with the Yoast SEO plugin v25.0 - https:\/\/yoast.com\/wordpress\/plugins\/seo\/ -->\n<title>Cevac CE-930 | Webbutiken | Cenva AB<\/title>\n<meta name=\"robots\" content=\"noindex, follow, max-snippet:-1, max-image-preview:large, max-video-preview:-1\" \/>\n<meta property=\"og:locale\" content=\"sv_SE\" \/>\n<meta property=\"og:type\" content=\"article\" \/>\n<meta property=\"og:title\" content=\"Cevac CE-930 | Webbutiken | Cenva AB\" \/>\n<meta property=\"og:description\" content=\"Cevac CE-930 \u00e4r en mobil dammsugare f\u00f6r kr\u00e4vande milj\u00f6er. Exempelvis f\u00f6r hotell, skolor, kontor eller sjukhus etc. Maskinen har en stor p\u00e5se som rymmer hela 15 liter och Hepa13 utbl\u00e5sfilter som standard.  Den geniala designen optimerar luftfl\u00f6det och minskar energif\u00f6rlusterna. CE-930 \u00e4r en av de tystaste professionella dammsugarna som finns p\u00e5 marknaden!  Se teknisk data l\u00e4ngre ned p\u00e5 sidan.  Kontakta oss f\u00f6r offert.\" \/>\n<meta property=\"og:url\" content=\"https:\/\/cenva.hemsida.eu\/butik\/produkt\/mobila-dammsugare\/cevac-ce-930\/\" \/>\n<meta property=\"og:site_name\" content=\"Webbutiken | Cenva AB\" \/>\n<meta property=\"article:publisher\" content=\"https:\/\/www.facebook.com\/Cenva-AB-Centraldammsugare-1544305639196589\" \/>\n<meta property=\"article:modified_time\" content=\"2023-07-05T12:02:55+00:00\" \/>\n<meta property=\"og:image\" content=\"https:\/\/cenva.hemsida.eu\/butik\/wp-content\/uploads\/2253-web-1.jpg\" \/>\n\t<meta property=\"og:image:width\" content=\"1345\" \/>\n\t<meta property=\"og:image:height\" content=\"982\" \/>\n\t<meta property=\"og:image:type\" content=\"image\/jpeg\" \/>\n<meta name=\"twitter:card\" content=\"summary_large_image\" \/>\n<script type=\"application\/ld+json\" class=\"yoast-schema-graph\">{\"@context\":\"https:\/\/schema.org\",\"@graph\":[{\"@type\":\"WebPage\",\"@id\":\"https:\/\/cenva.hemsida.eu\/butik\/produkt\/mobila-dammsugare\/cevac-ce-930\/\",\"url\":\"https:\/\/cenva.hemsida.eu\/butik\/produkt\/mobila-dammsugare\/cevac-ce-930\/\",\"name\":\"Cevac CE-930 | Webbutiken | Cenva AB\",\"isPartOf\":{\"@id\":\"https:\/\/cenva.hemsida.eu\/butik\/#website\"},\"primaryImageOfPage\":{\"@id\":\"https:\/\/cenva.hemsida.eu\/butik\/produkt\/mobila-dammsugare\/cevac-ce-930\/#primaryimage\"},\"image\":{\"@id\":\"https:\/\/cenva.hemsida.eu\/butik\/produkt\/mobila-dammsugare\/cevac-ce-930\/#primaryimage\"},\"thumbnailUrl\":\"https:\/\/cenva.hemsida.eu\/butik\/wp-content\/uploads\/2253-web-1.jpg\",\"datePublished\":\"2023-05-10T08:02:17+00:00\",\"dateModified\":\"2023-07-05T12:02:55+00:00\",\"breadcrumb\":{\"@id\":\"https:\/\/cenva.hemsida.eu\/butik\/produkt\/mobila-dammsugare\/cevac-ce-930\/#breadcrumb\"},\"inLanguage\":\"sv-SE\",\"potentialAction\":[{\"@type\":\"ReadAction\",\"target\":[\"https:\/\/cenva.hemsida.eu\/butik\/produkt\/mobila-dammsugare\/cevac-ce-930\/\"]}]},{\"@type\":\"ImageObject\",\"inLanguage\":\"sv-SE\",\"@id\":\"https:\/\/cenva.hemsida.eu\/butik\/produkt\/mobila-dammsugare\/cevac-ce-930\/#primaryimage\",\"url\":\"https:\/\/cenva.hemsida.eu\/butik\/wp-content\/uploads\/2253-web-1.jpg\",\"contentUrl\":\"https:\/\/cenva.hemsida.eu\/butik\/wp-content\/uploads\/2253-web-1.jpg\",\"width\":1345,\"height\":982},{\"@type\":\"BreadcrumbList\",\"@id\":\"https:\/\/cenva.hemsida.eu\/butik\/produkt\/mobila-dammsugare\/cevac-ce-930\/#breadcrumb\",\"itemListElement\":[{\"@type\":\"ListItem\",\"position\":1,\"name\":\"Hem\",\"item\":\"https:\/\/cenva.hemsida.eu\/butik\/\"},{\"@type\":\"ListItem\",\"position\":2,\"name\":\"Webbutik\",\"item\":\"https:\/\/cenva.hemsida.eu\/butik\/butik\/\"},{\"@type\":\"ListItem\",\"position\":3,\"name\":\"Cevac CE-930\"}]},{\"@type\":\"WebSite\",\"@id\":\"https:\/\/cenva.hemsida.eu\/butik\/#website\",\"url\":\"https:\/\/cenva.hemsida.eu\/butik\/\",\"name\":\"Webbutiken | Cenva AB\",\"description\":\"Centraldammsugare butiken\",\"potentialAction\":[{\"@type\":\"SearchAction\",\"target\":{\"@type\":\"EntryPoint\",\"urlTemplate\":\"https:\/\/cenva.hemsida.eu\/butik\/?s={search_term_string}\"},\"query-input\":{\"@type\":\"PropertyValueSpecification\",\"valueRequired\":true,\"valueName\":\"search_term_string\"}}],\"inLanguage\":\"sv-SE\"}]}<\/script>\n<!-- \/ Yoast SEO plugin. -->","yoast_head_json":{"title":"Cevac CE-930 | Webbutiken | Cenva AB","robots":{"index":"noindex","follow":"follow","max-snippet":"max-snippet:-1","max-image-preview":"max-image-preview:large","max-video-preview":"max-video-preview:-1"},"og_locale":"sv_SE","og_type":"article","og_title":"Cevac CE-930 | Webbutiken | Cenva AB","og_description":"Cevac CE-930 \u00e4r en mobil dammsugare f\u00f6r kr\u00e4vande milj\u00f6er. Exempelvis f\u00f6r hotell, skolor, kontor eller sjukhus etc. Maskinen har en stor p\u00e5se som rymmer hela 15 liter och Hepa13 utbl\u00e5sfilter som standard.  Den geniala designen optimerar luftfl\u00f6det och minskar energif\u00f6rlusterna. CE-930 \u00e4r en av de tystaste professionella dammsugarna som finns p\u00e5 marknaden!  Se teknisk data l\u00e4ngre ned p\u00e5 sidan.  Kontakta oss f\u00f6r offert.","og_url":"https:\/\/cenva.hemsida.eu\/butik\/produkt\/mobila-dammsugare\/cevac-ce-930\/","og_site_name":"Webbutiken | Cenva AB","article_publisher":"https:\/\/www.facebook.com\/Cenva-AB-Centraldammsugare-1544305639196589","article_modified_time":"2023-07-05T12:02:55+00:00","og_image":[{"width":1345,"height":982,"url":"https:\/\/cenva.hemsida.eu\/butik\/wp-content\/uploads\/2253-web-1.jpg","type":"image\/jpeg"}],"twitter_card":"summary_large_image","schema":{"@context":"https:\/\/schema.org","@graph":[{"@type":"WebPage","@id":"https:\/\/cenva.hemsida.eu\/butik\/produkt\/mobila-dammsugare\/cevac-ce-930\/","url":"https:\/\/cenva.hemsida.eu\/butik\/produkt\/mobila-dammsugare\/cevac-ce-930\/","name":"Cevac CE-930 | Webbutiken | Cenva AB","isPartOf":{"@id":"https:\/\/cenva.hemsida.eu\/butik\/#website"},"primaryImageOfPage":{"@id":"https:\/\/cenva.hemsida.eu\/butik\/produkt\/mobila-dammsugare\/cevac-ce-930\/#primaryimage"},"image":{"@id":"https:\/\/cenva.hemsida.eu\/butik\/produkt\/mobila-dammsugare\/cevac-ce-930\/#primaryimage"},"thumbnailUrl":"https:\/\/cenva.hemsida.eu\/butik\/wp-content\/uploads\/2253-web-1.jpg","datePublished":"2023-05-10T08:02:17+00:00","dateModified":"2023-07-05T12:02:55+00:00","breadcrumb":{"@id":"https:\/\/cenva.hemsida.eu\/butik\/produkt\/mobila-dammsugare\/cevac-ce-930\/#breadcrumb"},"inLanguage":"sv-SE","potentialAction":[{"@type":"ReadAction","target":["https:\/\/cenva.hemsida.eu\/butik\/produkt\/mobila-dammsugare\/cevac-ce-930\/"]}]},{"@type":"ImageObject","inLanguage":"sv-SE","@id":"https:\/\/cenva.hemsida.eu\/butik\/produkt\/mobila-dammsugare\/cevac-ce-930\/#primaryimage","url":"https:\/\/cenva.hemsida.eu\/butik\/wp-content\/uploads\/2253-web-1.jpg","contentUrl":"https:\/\/cenva.hemsida.eu\/butik\/wp-content\/uploads\/2253-web-1.jpg","width":1345,"height":982},{"@type":"BreadcrumbList","@id":"https:\/\/cenva.hemsida.eu\/butik\/produkt\/mobila-dammsugare\/cevac-ce-930\/#breadcrumb","itemListElement":[{"@type":"ListItem","position":1,"name":"Hem","item":"https:\/\/cenva.hemsida.eu\/butik\/"},{"@type":"ListItem","position":2,"name":"Webbutik","item":"https:\/\/cenva.hemsida.eu\/butik\/butik\/"},{"@type":"ListItem","position":3,"name":"Cevac CE-930"}]},{"@type":"WebSite","@id":"https:\/\/cenva.hemsida.eu\/butik\/#website","url":"https:\/\/cenva.hemsida.eu\/butik\/","name":"Webbutiken | Cenva AB","description":"Centraldammsugare butiken","potentialAction":[{"@type":"SearchAction","target":{"@type":"EntryPoint","urlTemplate":"https:\/\/cenva.hemsida.eu\/butik\/?s={search_term_string}"},"query-input":{"@type":"PropertyValueSpecification","valueRequired":true,"valueName":"search_term_string"}}],"inLanguage":"sv-SE"}]}},"_links":{"self":[{"href":"https:\/\/cenva.hemsida.eu\/butik\/wp-json\/wp\/v2\/product\/20669","targetHints":{"allow":["GET"]}}],"collection":[{"href":"https:\/\/cenva.hemsida.eu\/butik\/wp-json\/wp\/v2\/product"}],"about":[{"href":"https:\/\/cenva.hemsida.eu\/butik\/wp-json\/wp\/v2\/types\/product"}],"wp:featuredmedia":[{"embeddable":true,"href":"https:\/\/cenva.hemsida.eu\/butik\/wp-json\/wp\/v2\/media\/20670"}],"wp:attachment":[{"href":"https:\/\/cenva.hemsida.eu\/butik\/wp-json\/wp\/v2\/media?parent=20669"}],"wp:term":[{"taxonomy":"product_brand","embeddable":true,"href":"https:\/\/cenva.hemsida.eu\/butik\/wp-json\/wp\/v2\/product_brand?post=20669"},{"taxonomy":"product_cat","embeddable":true,"href":"https:\/\/cenva.hemsida.eu\/butik\/wp-json\/wp\/v2\/product_cat?post=20669"},{"taxonomy":"product_tag","embeddable":true,"href":"https:\/\/cenva.hemsida.eu\/butik\/wp-json\/wp\/v2\/product_tag?post=20669"}],"curies":[{"name":"wp","href":"https:\/\/api.w.org\/{rel}","templated":true}]}}