{"id":20193,"date":"2022-03-30T11:20:22","date_gmt":"2022-03-30T09:20:22","guid":{"rendered":"https:\/\/cenva.hemsida.eu\/butik\/?post_type=product&#038;p=20193"},"modified":"2022-11-16T08:32:58","modified_gmt":"2022-11-16T07:32:58","slug":"q-pro-2-2","status":"publish","type":"product","link":"https:\/\/cenva.hemsida.eu\/butik\/produkt\/centralenheter\/q-pro-2-2\/","title":{"rendered":"Q Pro 2.2"},"content":{"rendered":"<p>En av de mest kraftfulla centraldammsugarna f\u00f6r 230V p\u00e5 marknaden, f\u00f6rsedd med dubbla seriekopplade 2-stegs by-pass sugmotorer vilket ger en extremt h\u00f6g sugf\u00f6rm\u00e5ga. L\u00e4mplig f\u00f6r mer omfattande installationer i st\u00f6rre villor eller herrg\u00e5rdar, eller f\u00f6r hus d\u00e4r bara det allra b\u00e4sta \u00e4r gott nog! Dammavskiljning via 25L eng\u00e5ngsp\u00e5sar i flerlagers syntetfiber. Max motoreffekt 2200W. Kr\u00e4ver avs\u00e4kring 13A.<\/p>\n","protected":false},"excerpt":{"rendered":"<p>En av de mest kraftfulla centraldammsugarna f\u00f6r 230V p\u00e5 marknaden, f\u00f6rsedd med dubbla seriekopplade 2-stegs by-pass sugmotorer vilket ger en extremt h\u00f6g sugf\u00f6rm\u00e5ga.<\/p>\n<p>Max motoreffekt: 2200W.<\/p>\n","protected":false},"featured_media":20381,"template":"","meta":[],"product_brand":[],"product_cat":[148,100],"product_tag":[],"class_list":{"0":"post-20193","1":"product","2":"type-product","3":"status-publish","4":"has-post-thumbnail","6":"product_cat-okategoriserad","7":"product_cat-centralenheter","8":"product_shipping_class-frakt-hem","10":"first","11":"instock","12":"taxable","13":"shipping-taxable","14":"purchasable","15":"product-type-simple"},"bundle_layout":"","bundled_by":[],"bundled_items":[],"yoast_head":"<!-- This site is optimized with the Yoast SEO plugin v25.0 - https:\/\/yoast.com\/wordpress\/plugins\/seo\/ -->\n<title>Q Pro 2.2 | Webbutiken | Cenva AB<\/title>\n<meta name=\"robots\" content=\"noindex, follow, max-snippet:-1, max-image-preview:large, max-video-preview:-1\" \/>\n<meta property=\"og:locale\" content=\"sv_SE\" \/>\n<meta property=\"og:type\" content=\"article\" \/>\n<meta property=\"og:title\" content=\"Q Pro 2.2 | Webbutiken | Cenva AB\" \/>\n<meta property=\"og:description\" content=\"En av de mest kraftfulla centraldammsugarna f\u00f6r 230V p\u00e5 marknaden, f\u00f6rsedd med dubbla seriekopplade 2-stegs by-pass sugmotorer vilket ger en extremt h\u00f6g sugf\u00f6rm\u00e5ga.  Max motoreffekt: 2200W.\" \/>\n<meta property=\"og:url\" content=\"https:\/\/cenva.hemsida.eu\/butik\/produkt\/centralenheter\/q-pro-2-2\/\" \/>\n<meta property=\"og:site_name\" content=\"Webbutiken | Cenva AB\" \/>\n<meta property=\"article:publisher\" content=\"https:\/\/www.facebook.com\/Cenva-AB-Centraldammsugare-1544305639196589\" \/>\n<meta property=\"article:modified_time\" content=\"2022-11-16T07:32:58+00:00\" \/>\n<meta property=\"og:image\" content=\"https:\/\/cenva.hemsida.eu\/butik\/wp-content\/uploads\/C-_Users_Malin_OneDrive_Skrivbord_Qpro.gif\" \/>\n\t<meta property=\"og:image:width\" content=\"600\" \/>\n\t<meta property=\"og:image:height\" content=\"600\" \/>\n\t<meta property=\"og:image:type\" content=\"image\/gif\" \/>\n<meta name=\"twitter:card\" content=\"summary_large_image\" \/>\n<script type=\"application\/ld+json\" class=\"yoast-schema-graph\">{\"@context\":\"https:\/\/schema.org\",\"@graph\":[{\"@type\":\"WebPage\",\"@id\":\"https:\/\/cenva.hemsida.eu\/butik\/produkt\/centralenheter\/q-pro-2-2\/\",\"url\":\"https:\/\/cenva.hemsida.eu\/butik\/produkt\/centralenheter\/q-pro-2-2\/\",\"name\":\"Q Pro 2.2 | Webbutiken | Cenva AB\",\"isPartOf\":{\"@id\":\"https:\/\/cenva.hemsida.eu\/butik\/#website\"},\"primaryImageOfPage\":{\"@id\":\"https:\/\/cenva.hemsida.eu\/butik\/produkt\/centralenheter\/q-pro-2-2\/#primaryimage\"},\"image\":{\"@id\":\"https:\/\/cenva.hemsida.eu\/butik\/produkt\/centralenheter\/q-pro-2-2\/#primaryimage\"},\"thumbnailUrl\":\"https:\/\/cenva.hemsida.eu\/butik\/wp-content\/uploads\/C-_Users_Malin_OneDrive_Skrivbord_Qpro.gif\",\"datePublished\":\"2022-03-30T09:20:22+00:00\",\"dateModified\":\"2022-11-16T07:32:58+00:00\",\"breadcrumb\":{\"@id\":\"https:\/\/cenva.hemsida.eu\/butik\/produkt\/centralenheter\/q-pro-2-2\/#breadcrumb\"},\"inLanguage\":\"sv-SE\",\"potentialAction\":[{\"@type\":\"ReadAction\",\"target\":[\"https:\/\/cenva.hemsida.eu\/butik\/produkt\/centralenheter\/q-pro-2-2\/\"]}]},{\"@type\":\"ImageObject\",\"inLanguage\":\"sv-SE\",\"@id\":\"https:\/\/cenva.hemsida.eu\/butik\/produkt\/centralenheter\/q-pro-2-2\/#primaryimage\",\"url\":\"https:\/\/cenva.hemsida.eu\/butik\/wp-content\/uploads\/C-_Users_Malin_OneDrive_Skrivbord_Qpro.gif\",\"contentUrl\":\"https:\/\/cenva.hemsida.eu\/butik\/wp-content\/uploads\/C-_Users_Malin_OneDrive_Skrivbord_Qpro.gif\",\"width\":600,\"height\":600,\"caption\":\"Centralenhet Q Pro\"},{\"@type\":\"BreadcrumbList\",\"@id\":\"https:\/\/cenva.hemsida.eu\/butik\/produkt\/centralenheter\/q-pro-2-2\/#breadcrumb\",\"itemListElement\":[{\"@type\":\"ListItem\",\"position\":1,\"name\":\"Hem\",\"item\":\"https:\/\/cenva.hemsida.eu\/butik\/\"},{\"@type\":\"ListItem\",\"position\":2,\"name\":\"Webbutik\",\"item\":\"https:\/\/cenva.hemsida.eu\/butik\/butik\/\"},{\"@type\":\"ListItem\",\"position\":3,\"name\":\"Q Pro 2.2\"}]},{\"@type\":\"WebSite\",\"@id\":\"https:\/\/cenva.hemsida.eu\/butik\/#website\",\"url\":\"https:\/\/cenva.hemsida.eu\/butik\/\",\"name\":\"Webbutiken | Cenva AB\",\"description\":\"Centraldammsugare butiken\",\"potentialAction\":[{\"@type\":\"SearchAction\",\"target\":{\"@type\":\"EntryPoint\",\"urlTemplate\":\"https:\/\/cenva.hemsida.eu\/butik\/?s={search_term_string}\"},\"query-input\":{\"@type\":\"PropertyValueSpecification\",\"valueRequired\":true,\"valueName\":\"search_term_string\"}}],\"inLanguage\":\"sv-SE\"}]}<\/script>\n<!-- \/ Yoast SEO plugin. -->","yoast_head_json":{"title":"Q Pro 2.2 | Webbutiken | Cenva AB","robots":{"index":"noindex","follow":"follow","max-snippet":"max-snippet:-1","max-image-preview":"max-image-preview:large","max-video-preview":"max-video-preview:-1"},"og_locale":"sv_SE","og_type":"article","og_title":"Q Pro 2.2 | Webbutiken | Cenva AB","og_description":"En av de mest kraftfulla centraldammsugarna f\u00f6r 230V p\u00e5 marknaden, f\u00f6rsedd med dubbla seriekopplade 2-stegs by-pass sugmotorer vilket ger en extremt h\u00f6g sugf\u00f6rm\u00e5ga.  Max motoreffekt: 2200W.","og_url":"https:\/\/cenva.hemsida.eu\/butik\/produkt\/centralenheter\/q-pro-2-2\/","og_site_name":"Webbutiken | Cenva AB","article_publisher":"https:\/\/www.facebook.com\/Cenva-AB-Centraldammsugare-1544305639196589","article_modified_time":"2022-11-16T07:32:58+00:00","og_image":[{"width":600,"height":600,"url":"https:\/\/cenva.hemsida.eu\/butik\/wp-content\/uploads\/C-_Users_Malin_OneDrive_Skrivbord_Qpro.gif","type":"image\/gif"}],"twitter_card":"summary_large_image","schema":{"@context":"https:\/\/schema.org","@graph":[{"@type":"WebPage","@id":"https:\/\/cenva.hemsida.eu\/butik\/produkt\/centralenheter\/q-pro-2-2\/","url":"https:\/\/cenva.hemsida.eu\/butik\/produkt\/centralenheter\/q-pro-2-2\/","name":"Q Pro 2.2 | Webbutiken | Cenva AB","isPartOf":{"@id":"https:\/\/cenva.hemsida.eu\/butik\/#website"},"primaryImageOfPage":{"@id":"https:\/\/cenva.hemsida.eu\/butik\/produkt\/centralenheter\/q-pro-2-2\/#primaryimage"},"image":{"@id":"https:\/\/cenva.hemsida.eu\/butik\/produkt\/centralenheter\/q-pro-2-2\/#primaryimage"},"thumbnailUrl":"https:\/\/cenva.hemsida.eu\/butik\/wp-content\/uploads\/C-_Users_Malin_OneDrive_Skrivbord_Qpro.gif","datePublished":"2022-03-30T09:20:22+00:00","dateModified":"2022-11-16T07:32:58+00:00","breadcrumb":{"@id":"https:\/\/cenva.hemsida.eu\/butik\/produkt\/centralenheter\/q-pro-2-2\/#breadcrumb"},"inLanguage":"sv-SE","potentialAction":[{"@type":"ReadAction","target":["https:\/\/cenva.hemsida.eu\/butik\/produkt\/centralenheter\/q-pro-2-2\/"]}]},{"@type":"ImageObject","inLanguage":"sv-SE","@id":"https:\/\/cenva.hemsida.eu\/butik\/produkt\/centralenheter\/q-pro-2-2\/#primaryimage","url":"https:\/\/cenva.hemsida.eu\/butik\/wp-content\/uploads\/C-_Users_Malin_OneDrive_Skrivbord_Qpro.gif","contentUrl":"https:\/\/cenva.hemsida.eu\/butik\/wp-content\/uploads\/C-_Users_Malin_OneDrive_Skrivbord_Qpro.gif","width":600,"height":600,"caption":"Centralenhet Q Pro"},{"@type":"BreadcrumbList","@id":"https:\/\/cenva.hemsida.eu\/butik\/produkt\/centralenheter\/q-pro-2-2\/#breadcrumb","itemListElement":[{"@type":"ListItem","position":1,"name":"Hem","item":"https:\/\/cenva.hemsida.eu\/butik\/"},{"@type":"ListItem","position":2,"name":"Webbutik","item":"https:\/\/cenva.hemsida.eu\/butik\/butik\/"},{"@type":"ListItem","position":3,"name":"Q Pro 2.2"}]},{"@type":"WebSite","@id":"https:\/\/cenva.hemsida.eu\/butik\/#website","url":"https:\/\/cenva.hemsida.eu\/butik\/","name":"Webbutiken | Cenva AB","description":"Centraldammsugare butiken","potentialAction":[{"@type":"SearchAction","target":{"@type":"EntryPoint","urlTemplate":"https:\/\/cenva.hemsida.eu\/butik\/?s={search_term_string}"},"query-input":{"@type":"PropertyValueSpecification","valueRequired":true,"valueName":"search_term_string"}}],"inLanguage":"sv-SE"}]}},"_links":{"self":[{"href":"https:\/\/cenva.hemsida.eu\/butik\/wp-json\/wp\/v2\/product\/20193","targetHints":{"allow":["GET"]}}],"collection":[{"href":"https:\/\/cenva.hemsida.eu\/butik\/wp-json\/wp\/v2\/product"}],"about":[{"href":"https:\/\/cenva.hemsida.eu\/butik\/wp-json\/wp\/v2\/types\/product"}],"wp:featuredmedia":[{"embeddable":true,"href":"https:\/\/cenva.hemsida.eu\/butik\/wp-json\/wp\/v2\/media\/20381"}],"wp:attachment":[{"href":"https:\/\/cenva.hemsida.eu\/butik\/wp-json\/wp\/v2\/media?parent=20193"}],"wp:term":[{"taxonomy":"product_brand","embeddable":true,"href":"https:\/\/cenva.hemsida.eu\/butik\/wp-json\/wp\/v2\/product_brand?post=20193"},{"taxonomy":"product_cat","embeddable":true,"href":"https:\/\/cenva.hemsida.eu\/butik\/wp-json\/wp\/v2\/product_cat?post=20193"},{"taxonomy":"product_tag","embeddable":true,"href":"https:\/\/cenva.hemsida.eu\/butik\/wp-json\/wp\/v2\/product_tag?post=20193"}],"curies":[{"name":"wp","href":"https:\/\/api.w.org\/{rel}","templated":true}]}}