{"id":20139,"date":"2021-10-06T09:58:17","date_gmt":"2021-10-06T07:58:17","guid":{"rendered":"https:\/\/cenva.hemsida.eu\/butik\/?post_type=product&#038;p=20139"},"modified":"2025-02-04T11:27:36","modified_gmt":"2025-02-04T10:27:36","slug":"cenva-smart","status":"publish","type":"product","link":"https:\/\/cenva.hemsida.eu\/butik\/produkt\/centralenheter\/cenva-smart\/","title":{"rendered":"Cenva SMART O"},"content":{"rendered":"<p><strong><span style=\"font-size: medium;\">Cenva SMART<\/span><\/strong><\/p>\n<p><span style=\"color: #d83131;\"><strong><span style=\"color: #000000;\">PASSAR OM DU HAR V\u00c4GGPLATTA<\/span><span style=\"color: #0000ff;\"><a style=\"color: #0000ff;\" href=\"https:\/\/cenva.hemsida.eu\/butik\/produkt\/centralenheter\/vaggplatta-outblow-for-cenva-smart\/\"> 6101<\/a> <\/span><span style=\"color: #282828;\">(utbl\u00e5s).<\/span><\/strong><\/span><br \/>\nHar du filterplatta Hygienic <a href=\"https:\/\/cenva.hemsida.eu\/butik\/produkt\/centralenheter\/vaggplatta-hygienic-for-cenva-smart\/\"><span style=\"color: #0000ff;\"><strong>6102<\/strong><\/span><\/a> ska du ist\u00e4llet v\u00e4lja Cenva SMART H <strong><span style=\"color: #0000ff;\"><a style=\"color: #0000ff;\" href=\"https:\/\/cenva.hemsida.eu\/butik\/produkt\/centralenheter\/cenva-smart-h\/\">6100-22040<\/a><\/span><\/strong><\/p>\n<p><strong><span style=\"font-size: medium;\"><span style=\"font-size: 90%; color: #0053a6;\">Fd. Canvac Q Smart, Electrolux ZCV750\/800, Puzer Eeva<\/span><\/span><\/strong><\/p>\n<p>H\u00f6gpresterande enhet i modern design.<br \/>\n\u00c4r med sin kompakta konstruktion synnerligen l\u00e4ttplacerad.<\/p>\n<ul>\n<li>H\u00f6g sugf\u00f6rm\u00e5ga och prestanda<\/li>\n<li>Effektiv tystg\u00e5ende Thruflow-motor<\/li>\n<li>8L dammsugarp\u00e5se<\/li>\n<li>5 \u00e5rs motorgaranti<\/li>\n<li>V\u00e4lj v\u00e4ggplatta (outblow) eller filterplatta (hygienic-utan utbl\u00e5s).<\/li>\n<\/ul>\n<table width=\"264\">\n<tbody>\n<tr>\n<td><b>Modell<\/b><\/td>\n<td><b>Cenva Smart Outblow<\/b><\/td>\n<td><b>Cenva Smart Hygienic<\/b><\/td>\n<\/tr>\n<tr>\n<td>M\u00e5tt mm<\/td>\n<td>460x 320x 240<\/td>\n<td>490 x440 310<\/td>\n<\/tr>\n<tr>\n<td>Driftsp\u00e4nning V<\/td>\n<td>230<\/td>\n<td>230<\/td>\n<\/tr>\n<tr>\n<td>S\u00e4kring A<\/td>\n<td>10 tr\u00f6g<\/td>\n<td>10 tr\u00f6g<\/td>\n<\/tr>\n<tr>\n<td>Isolationsklass<\/td>\n<td>IPX0<\/td>\n<td>IPX0<\/td>\n<\/tr>\n<tr>\n<td>Motor<\/td>\n<td>1-stegs TF** h\u00f6geffekt<\/td>\n<td>1-stegs TF** h\u00f6geffekt<\/td>\n<\/tr>\n<tr>\n<td>Motoreffekt W<\/td>\n<td>1900<\/td>\n<td>1650<\/td>\n<\/tr>\n<tr>\n<td>Luftfl\u00f6de max l\/s*<\/td>\n<td>31<\/td>\n<td>31<\/td>\n<\/tr>\n<tr>\n<td>Vakuum max *kPa<\/td>\n<td>27<\/td>\n<td>27<\/td>\n<\/tr>\n<tr>\n<td>Sugeffekt inkl.system W<\/td>\n<td>273<\/td>\n<td>273<\/td>\n<\/tr>\n<tr>\n<td>Dammupptagning matta*<\/td>\n<td>73%<\/td>\n<td>73%<\/td>\n<\/tr>\n<tr>\n<td>Dammupptagning h\u00e5rt golv* med springa<\/td>\n<td>100%<\/td>\n<td>100%<\/td>\n<\/tr>\n<tr>\n<td>Ljudniv\u00e5 vid maskin dB (A)*<\/td>\n<td>71<\/td>\n<td>71<\/td>\n<\/tr>\n<tr>\n<td>Ljudniv\u00e5 vid utbl\u00e5s dB (A)*<\/td>\n<td>56<\/td>\n<td>56<\/td>\n<\/tr>\n<tr>\n<td>Volym p\u00e5se liter<\/td>\n<td>8<\/td>\n<td>8<\/td>\n<\/tr>\n<tr>\n<td>Vikt netto kg<\/td>\n<td>6<\/td>\n<td>8<\/td>\n<\/tr>\n<tr>\n<td>Akutfilter<\/td>\n<td>Ja<\/td>\n<td>Ja<\/td>\n<\/tr>\n<tr>\n<td>\u00d6verhettningsskydd<\/td>\n<td>Ja<\/td>\n<td>Ja<\/td>\n<\/tr>\n<tr>\n<td>F\u00e4rg<\/td>\n<td>Vit<\/td>\n<td>Vit<\/td>\n<\/tr>\n<\/tbody>\n<\/table>\n<p>&nbsp;<\/p>\n<h4><strong><em><span style=\"color: #72a922;\">Har du sv\u00e5rt att veta vilken modell som passar just ditt boende? Med \u00f6ver 50 \u00e5rs samlad kompetens\u00a0inom arbetsomr\u00e5det centraldammsugarsystem s\u00e5 \u00e4r vi experter &#8211; h\u00f6r av dig till oss!<\/span><\/em><\/strong><\/h4>\n","protected":false},"excerpt":{"rendered":"<p><span style=\"color: #d83131;\"><strong><span style=\"color: #282828;\">PASSAR OM DU HAR V\u00c4GGPLATTA<\/span><span style=\"color: #0000ff;\"><a style=\"color: #0000ff;\" href=\"https:\/\/cenva.hemsida.eu\/butik\/produkt\/centralenheter\/vaggplatta-outblow-for-cenva-smart\/\"> 6101<\/a><\/span> <span style=\"color: #282828;\">(utbl\u00e5s).<\/span><\/strong><\/span><br \/>\nHar du filterplatta Hygienic <strong><a href=\"https:\/\/cenva.hemsida.eu\/butik\/produkt\/centralenheter\/vaggplatta-hygienic-for-cenva-smart\/\"><span style=\"color: #0000ff;\">6102<\/span><\/a><\/strong> ska du ist\u00e4llet v\u00e4lja Cenva SMART H <span style=\"color: #0000ff;\"><strong><a style=\"color: #0000ff;\" href=\"https:\/\/cenva.hemsida.eu\/butik\/produkt\/centralenheter\/cenva-smart-h\/\">6100-22040<\/a><\/strong><\/span><\/p>\n<p><strong>Fd. Canvac Q Smart, Electrolux ZCV750\/800, Puzer Eeva<\/strong><\/p>\n<p style=\"text-align: left;\">H\u00f6gpresterande enhet i modern design.<br \/>\n\u00c4r med sin kompakta konstruktion synnerligen l\u00e4ttplacerad.<\/p>\n<p>OBS: Gl\u00f6m ej l\u00e4gga till v\u00e4ggplatta vid nyinstallation.<\/p>\n<ul>\n<li>H\u00f6g sugf\u00f6rm\u00e5ga och prestanda<\/li>\n<li style=\"text-align: left;\">Effektiv tystg\u00e5ende Thruflow motor<\/li>\n<li style=\"text-align: left;\">8L dammsugarp\u00e5se<\/li>\n<li style=\"text-align: left;\">5 \u00e5rs motorgaranti<\/li>\n<\/ul>\n","protected":false},"featured_media":20519,"template":"","meta":[],"product_brand":[],"product_cat":[100],"product_tag":[],"class_list":{"0":"post-20139","1":"product","2":"type-product","3":"status-publish","4":"has-post-thumbnail","6":"product_cat-centralenheter","7":"product_shipping_class-mellan","9":"first","10":"onbackorder","11":"featured","12":"taxable","13":"shipping-taxable","14":"purchasable","15":"product-type-simple"},"bundle_layout":"","bundled_by":[],"bundled_items":[],"yoast_head":"<!-- This site is optimized with the Yoast SEO plugin v25.0 - https:\/\/yoast.com\/wordpress\/plugins\/seo\/ -->\n<title>Cenva SMART O | Webbutiken | Cenva AB<\/title>\n<meta name=\"description\" content=\"H\u00f6gpresterande enhet i basutf\u00f6rande, enkel att placera i mindre utrymmen. Beam Mundo BM 285 \u00e4r med thruflow motor en tystg\u00e5ende maskin. Enheten kan placeras i tr\u00e5nga utrymmen, s\u00e5som garderob eller under trappan.\" \/>\n<meta name=\"robots\" content=\"noindex, follow, max-snippet:-1, max-image-preview:large, max-video-preview:-1\" \/>\n<meta property=\"og:locale\" content=\"sv_SE\" \/>\n<meta property=\"og:type\" content=\"article\" \/>\n<meta property=\"og:title\" content=\"Cenva SMART O | Webbutiken | Cenva AB\" \/>\n<meta property=\"og:description\" content=\"H\u00f6gpresterande enhet i basutf\u00f6rande, enkel att placera i mindre utrymmen. Beam Mundo BM 285 \u00e4r med thruflow motor en tystg\u00e5ende maskin. Enheten kan placeras i tr\u00e5nga utrymmen, s\u00e5som garderob eller under trappan.\" \/>\n<meta property=\"og:url\" content=\"https:\/\/cenva.hemsida.eu\/butik\/produkt\/centralenheter\/cenva-smart\/\" \/>\n<meta property=\"og:site_name\" content=\"Webbutiken | Cenva AB\" \/>\n<meta property=\"article:publisher\" content=\"https:\/\/www.facebook.com\/Cenva-AB-Centraldammsugare-1544305639196589\" \/>\n<meta property=\"article:modified_time\" content=\"2025-02-04T10:27:36+00:00\" \/>\n<meta property=\"og:image\" content=\"https:\/\/cenva.hemsida.eu\/butik\/wp-content\/uploads\/Namnlost-4.jpg\" \/>\n\t<meta property=\"og:image:width\" content=\"600\" \/>\n\t<meta property=\"og:image:height\" content=\"600\" \/>\n\t<meta property=\"og:image:type\" content=\"image\/jpeg\" \/>\n<meta name=\"twitter:card\" content=\"summary_large_image\" \/>\n<script type=\"application\/ld+json\" class=\"yoast-schema-graph\">{\"@context\":\"https:\/\/schema.org\",\"@graph\":[{\"@type\":\"WebPage\",\"@id\":\"https:\/\/cenva.hemsida.eu\/butik\/produkt\/centralenheter\/cenva-smart\/\",\"url\":\"https:\/\/cenva.hemsida.eu\/butik\/produkt\/centralenheter\/cenva-smart\/\",\"name\":\"Cenva SMART O | Webbutiken | Cenva AB\",\"isPartOf\":{\"@id\":\"https:\/\/cenva.hemsida.eu\/butik\/#website\"},\"primaryImageOfPage\":{\"@id\":\"https:\/\/cenva.hemsida.eu\/butik\/produkt\/centralenheter\/cenva-smart\/#primaryimage\"},\"image\":{\"@id\":\"https:\/\/cenva.hemsida.eu\/butik\/produkt\/centralenheter\/cenva-smart\/#primaryimage\"},\"thumbnailUrl\":\"https:\/\/cenva.hemsida.eu\/butik\/wp-content\/uploads\/Namnlost-4.jpg\",\"datePublished\":\"2021-10-06T07:58:17+00:00\",\"dateModified\":\"2025-02-04T10:27:36+00:00\",\"description\":\"H\u00f6gpresterande enhet i basutf\u00f6rande, enkel att placera i mindre utrymmen. Beam Mundo BM 285 \u00e4r med thruflow motor en tystg\u00e5ende maskin. Enheten kan placeras i tr\u00e5nga utrymmen, s\u00e5som garderob eller under trappan.\",\"breadcrumb\":{\"@id\":\"https:\/\/cenva.hemsida.eu\/butik\/produkt\/centralenheter\/cenva-smart\/#breadcrumb\"},\"inLanguage\":\"sv-SE\",\"potentialAction\":[{\"@type\":\"ReadAction\",\"target\":[\"https:\/\/cenva.hemsida.eu\/butik\/produkt\/centralenheter\/cenva-smart\/\"]}]},{\"@type\":\"ImageObject\",\"inLanguage\":\"sv-SE\",\"@id\":\"https:\/\/cenva.hemsida.eu\/butik\/produkt\/centralenheter\/cenva-smart\/#primaryimage\",\"url\":\"https:\/\/cenva.hemsida.eu\/butik\/wp-content\/uploads\/Namnlost-4.jpg\",\"contentUrl\":\"https:\/\/cenva.hemsida.eu\/butik\/wp-content\/uploads\/Namnlost-4.jpg\",\"width\":600,\"height\":600},{\"@type\":\"BreadcrumbList\",\"@id\":\"https:\/\/cenva.hemsida.eu\/butik\/produkt\/centralenheter\/cenva-smart\/#breadcrumb\",\"itemListElement\":[{\"@type\":\"ListItem\",\"position\":1,\"name\":\"Hem\",\"item\":\"https:\/\/cenva.hemsida.eu\/butik\/\"},{\"@type\":\"ListItem\",\"position\":2,\"name\":\"Webbutik\",\"item\":\"https:\/\/cenva.hemsida.eu\/butik\/butik\/\"},{\"@type\":\"ListItem\",\"position\":3,\"name\":\"Cenva SMART O\"}]},{\"@type\":\"WebSite\",\"@id\":\"https:\/\/cenva.hemsida.eu\/butik\/#website\",\"url\":\"https:\/\/cenva.hemsida.eu\/butik\/\",\"name\":\"Webbutiken | Cenva AB\",\"description\":\"Centraldammsugare butiken\",\"potentialAction\":[{\"@type\":\"SearchAction\",\"target\":{\"@type\":\"EntryPoint\",\"urlTemplate\":\"https:\/\/cenva.hemsida.eu\/butik\/?s={search_term_string}\"},\"query-input\":{\"@type\":\"PropertyValueSpecification\",\"valueRequired\":true,\"valueName\":\"search_term_string\"}}],\"inLanguage\":\"sv-SE\"}]}<\/script>\n<!-- \/ Yoast SEO plugin. -->","yoast_head_json":{"title":"Cenva SMART O | Webbutiken | Cenva AB","description":"H\u00f6gpresterande enhet i basutf\u00f6rande, enkel att placera i mindre utrymmen. Beam Mundo BM 285 \u00e4r med thruflow motor en tystg\u00e5ende maskin. Enheten kan placeras i tr\u00e5nga utrymmen, s\u00e5som garderob eller under trappan.","robots":{"index":"noindex","follow":"follow","max-snippet":"max-snippet:-1","max-image-preview":"max-image-preview:large","max-video-preview":"max-video-preview:-1"},"og_locale":"sv_SE","og_type":"article","og_title":"Cenva SMART O | Webbutiken | Cenva AB","og_description":"H\u00f6gpresterande enhet i basutf\u00f6rande, enkel att placera i mindre utrymmen. Beam Mundo BM 285 \u00e4r med thruflow motor en tystg\u00e5ende maskin. Enheten kan placeras i tr\u00e5nga utrymmen, s\u00e5som garderob eller under trappan.","og_url":"https:\/\/cenva.hemsida.eu\/butik\/produkt\/centralenheter\/cenva-smart\/","og_site_name":"Webbutiken | Cenva AB","article_publisher":"https:\/\/www.facebook.com\/Cenva-AB-Centraldammsugare-1544305639196589","article_modified_time":"2025-02-04T10:27:36+00:00","og_image":[{"width":600,"height":600,"url":"https:\/\/cenva.hemsida.eu\/butik\/wp-content\/uploads\/Namnlost-4.jpg","type":"image\/jpeg"}],"twitter_card":"summary_large_image","schema":{"@context":"https:\/\/schema.org","@graph":[{"@type":"WebPage","@id":"https:\/\/cenva.hemsida.eu\/butik\/produkt\/centralenheter\/cenva-smart\/","url":"https:\/\/cenva.hemsida.eu\/butik\/produkt\/centralenheter\/cenva-smart\/","name":"Cenva SMART O | Webbutiken | Cenva AB","isPartOf":{"@id":"https:\/\/cenva.hemsida.eu\/butik\/#website"},"primaryImageOfPage":{"@id":"https:\/\/cenva.hemsida.eu\/butik\/produkt\/centralenheter\/cenva-smart\/#primaryimage"},"image":{"@id":"https:\/\/cenva.hemsida.eu\/butik\/produkt\/centralenheter\/cenva-smart\/#primaryimage"},"thumbnailUrl":"https:\/\/cenva.hemsida.eu\/butik\/wp-content\/uploads\/Namnlost-4.jpg","datePublished":"2021-10-06T07:58:17+00:00","dateModified":"2025-02-04T10:27:36+00:00","description":"H\u00f6gpresterande enhet i basutf\u00f6rande, enkel att placera i mindre utrymmen. Beam Mundo BM 285 \u00e4r med thruflow motor en tystg\u00e5ende maskin. Enheten kan placeras i tr\u00e5nga utrymmen, s\u00e5som garderob eller under trappan.","breadcrumb":{"@id":"https:\/\/cenva.hemsida.eu\/butik\/produkt\/centralenheter\/cenva-smart\/#breadcrumb"},"inLanguage":"sv-SE","potentialAction":[{"@type":"ReadAction","target":["https:\/\/cenva.hemsida.eu\/butik\/produkt\/centralenheter\/cenva-smart\/"]}]},{"@type":"ImageObject","inLanguage":"sv-SE","@id":"https:\/\/cenva.hemsida.eu\/butik\/produkt\/centralenheter\/cenva-smart\/#primaryimage","url":"https:\/\/cenva.hemsida.eu\/butik\/wp-content\/uploads\/Namnlost-4.jpg","contentUrl":"https:\/\/cenva.hemsida.eu\/butik\/wp-content\/uploads\/Namnlost-4.jpg","width":600,"height":600},{"@type":"BreadcrumbList","@id":"https:\/\/cenva.hemsida.eu\/butik\/produkt\/centralenheter\/cenva-smart\/#breadcrumb","itemListElement":[{"@type":"ListItem","position":1,"name":"Hem","item":"https:\/\/cenva.hemsida.eu\/butik\/"},{"@type":"ListItem","position":2,"name":"Webbutik","item":"https:\/\/cenva.hemsida.eu\/butik\/butik\/"},{"@type":"ListItem","position":3,"name":"Cenva SMART O"}]},{"@type":"WebSite","@id":"https:\/\/cenva.hemsida.eu\/butik\/#website","url":"https:\/\/cenva.hemsida.eu\/butik\/","name":"Webbutiken | Cenva AB","description":"Centraldammsugare butiken","potentialAction":[{"@type":"SearchAction","target":{"@type":"EntryPoint","urlTemplate":"https:\/\/cenva.hemsida.eu\/butik\/?s={search_term_string}"},"query-input":{"@type":"PropertyValueSpecification","valueRequired":true,"valueName":"search_term_string"}}],"inLanguage":"sv-SE"}]}},"_links":{"self":[{"href":"https:\/\/cenva.hemsida.eu\/butik\/wp-json\/wp\/v2\/product\/20139","targetHints":{"allow":["GET"]}}],"collection":[{"href":"https:\/\/cenva.hemsida.eu\/butik\/wp-json\/wp\/v2\/product"}],"about":[{"href":"https:\/\/cenva.hemsida.eu\/butik\/wp-json\/wp\/v2\/types\/product"}],"wp:featuredmedia":[{"embeddable":true,"href":"https:\/\/cenva.hemsida.eu\/butik\/wp-json\/wp\/v2\/media\/20519"}],"wp:attachment":[{"href":"https:\/\/cenva.hemsida.eu\/butik\/wp-json\/wp\/v2\/media?parent=20139"}],"wp:term":[{"taxonomy":"product_brand","embeddable":true,"href":"https:\/\/cenva.hemsida.eu\/butik\/wp-json\/wp\/v2\/product_brand?post=20139"},{"taxonomy":"product_cat","embeddable":true,"href":"https:\/\/cenva.hemsida.eu\/butik\/wp-json\/wp\/v2\/product_cat?post=20139"},{"taxonomy":"product_tag","embeddable":true,"href":"https:\/\/cenva.hemsida.eu\/butik\/wp-json\/wp\/v2\/product_tag?post=20139"}],"curies":[{"name":"wp","href":"https:\/\/api.w.org\/{rel}","templated":true}]}}