{"id":19458,"date":"2017-11-13T08:03:02","date_gmt":"2017-11-13T07:03:02","guid":{"rendered":"https:\/\/cenva.hemsida.eu\/butik\/?post_type=product&#038;p=19458"},"modified":"2022-11-11T13:41:49","modified_gmt":"2022-11-11T12:41:49","slug":"projektering","status":"publish","type":"product","link":"https:\/\/cenva.hemsida.eu\/butik\/produkt\/centralenheter\/projektering\/","title":{"rendered":"Projektering"},"content":{"rendered":"","protected":false},"excerpt":{"rendered":"<p><strong>Beh\u00f6ver du hj\u00e4lp med projektering av centraldammsugarsystemet i din villa?<\/strong><\/p>\n<p>Vi l\u00e4mnar f\u00f6rslag p\u00e5 var centralenheten ska sitta, var sugdosor ska placeras, hur l\u00e5ng st\u00e4dslang du beh\u00f6ver samt var du l\u00e4mpligast drar dammsugarr\u00f6ren.<\/p>\n<p>Skicka oss planritning \u00f6ver din villa s\u00e5 f\u00e5r du tillbaka en handritad projektering.<\/p>\n<p><em><strong>Erbjudandet g\u00e4ller d\u00e5 du best\u00e4ller en komplett centraldammsugarsystem fr\u00e5n oss.\u00a0<\/strong><\/em><\/p>\n","protected":false},"featured_media":19738,"template":"","meta":[],"product_brand":[],"product_cat":[100],"product_tag":[],"class_list":{"0":"post-19458","1":"product","2":"type-product","3":"status-publish","4":"has-post-thumbnail","6":"product_cat-centralenheter","8":"first","9":"instock","10":"sale","11":"sold-individually","12":"taxable","13":"shipping-taxable","14":"purchasable","15":"product-type-simple"},"bundle_layout":"","bundled_by":[],"bundled_items":[],"yoast_head":"<!-- This site is optimized with the Yoast SEO plugin v25.0 - https:\/\/yoast.com\/wordpress\/plugins\/seo\/ -->\n<title>Projektering | Webbutiken | Cenva AB<\/title>\n<meta name=\"robots\" content=\"noindex, follow, max-snippet:-1, max-image-preview:large, max-video-preview:-1\" \/>\n<meta property=\"og:locale\" content=\"sv_SE\" \/>\n<meta property=\"og:type\" content=\"article\" \/>\n<meta property=\"og:title\" content=\"Projektering | Webbutiken | Cenva AB\" \/>\n<meta property=\"og:description\" content=\"Beh\u00f6ver du hj\u00e4lp med projektering av centraldammsugarsystemet i din villa?  Vi l\u00e4mnar f\u00f6rslag p\u00e5 var centralenheten ska sitta, var sugdosor ska placeras, hur l\u00e5ng st\u00e4dslang du beh\u00f6ver samt var du l\u00e4mpligast drar dammsugarr\u00f6ren.  Skicka oss planritning \u00f6ver din villa s\u00e5 f\u00e5r du tillbaka en handritad projektering.  Erbjudandet g\u00e4ller d\u00e5 du best\u00e4ller en komplett centraldammsugarsystem fr\u00e5n oss.\u00a0\" \/>\n<meta property=\"og:url\" content=\"https:\/\/cenva.hemsida.eu\/butik\/produkt\/centralenheter\/projektering\/\" \/>\n<meta property=\"og:site_name\" content=\"Webbutiken | Cenva AB\" \/>\n<meta property=\"article:publisher\" content=\"https:\/\/www.facebook.com\/Cenva-AB-Centraldammsugare-1544305639196589\" \/>\n<meta property=\"article:modified_time\" content=\"2022-11-11T12:41:49+00:00\" \/>\n<meta property=\"og:image\" content=\"https:\/\/cenva.hemsida.eu\/butik\/wp-content\/uploads\/Projektering.jpg\" \/>\n\t<meta property=\"og:image:width\" content=\"600\" \/>\n\t<meta property=\"og:image:height\" content=\"600\" \/>\n\t<meta property=\"og:image:type\" content=\"image\/jpeg\" \/>\n<meta name=\"twitter:card\" content=\"summary_large_image\" \/>\n<script type=\"application\/ld+json\" class=\"yoast-schema-graph\">{\"@context\":\"https:\/\/schema.org\",\"@graph\":[{\"@type\":\"WebPage\",\"@id\":\"https:\/\/cenva.hemsida.eu\/butik\/produkt\/centralenheter\/projektering\/\",\"url\":\"https:\/\/cenva.hemsida.eu\/butik\/produkt\/centralenheter\/projektering\/\",\"name\":\"Projektering | Webbutiken | Cenva AB\",\"isPartOf\":{\"@id\":\"https:\/\/cenva.hemsida.eu\/butik\/#website\"},\"primaryImageOfPage\":{\"@id\":\"https:\/\/cenva.hemsida.eu\/butik\/produkt\/centralenheter\/projektering\/#primaryimage\"},\"image\":{\"@id\":\"https:\/\/cenva.hemsida.eu\/butik\/produkt\/centralenheter\/projektering\/#primaryimage\"},\"thumbnailUrl\":\"https:\/\/cenva.hemsida.eu\/butik\/wp-content\/uploads\/Projektering.jpg\",\"datePublished\":\"2017-11-13T07:03:02+00:00\",\"dateModified\":\"2022-11-11T12:41:49+00:00\",\"breadcrumb\":{\"@id\":\"https:\/\/cenva.hemsida.eu\/butik\/produkt\/centralenheter\/projektering\/#breadcrumb\"},\"inLanguage\":\"sv-SE\",\"potentialAction\":[{\"@type\":\"ReadAction\",\"target\":[\"https:\/\/cenva.hemsida.eu\/butik\/produkt\/centralenheter\/projektering\/\"]}]},{\"@type\":\"ImageObject\",\"inLanguage\":\"sv-SE\",\"@id\":\"https:\/\/cenva.hemsida.eu\/butik\/produkt\/centralenheter\/projektering\/#primaryimage\",\"url\":\"https:\/\/cenva.hemsida.eu\/butik\/wp-content\/uploads\/Projektering.jpg\",\"contentUrl\":\"https:\/\/cenva.hemsida.eu\/butik\/wp-content\/uploads\/Projektering.jpg\",\"width\":600,\"height\":600},{\"@type\":\"BreadcrumbList\",\"@id\":\"https:\/\/cenva.hemsida.eu\/butik\/produkt\/centralenheter\/projektering\/#breadcrumb\",\"itemListElement\":[{\"@type\":\"ListItem\",\"position\":1,\"name\":\"Hem\",\"item\":\"https:\/\/cenva.hemsida.eu\/butik\/\"},{\"@type\":\"ListItem\",\"position\":2,\"name\":\"Webbutik\",\"item\":\"https:\/\/cenva.hemsida.eu\/butik\/butik\/\"},{\"@type\":\"ListItem\",\"position\":3,\"name\":\"Projektering\"}]},{\"@type\":\"WebSite\",\"@id\":\"https:\/\/cenva.hemsida.eu\/butik\/#website\",\"url\":\"https:\/\/cenva.hemsida.eu\/butik\/\",\"name\":\"Webbutiken | Cenva AB\",\"description\":\"Centraldammsugare butiken\",\"potentialAction\":[{\"@type\":\"SearchAction\",\"target\":{\"@type\":\"EntryPoint\",\"urlTemplate\":\"https:\/\/cenva.hemsida.eu\/butik\/?s={search_term_string}\"},\"query-input\":{\"@type\":\"PropertyValueSpecification\",\"valueRequired\":true,\"valueName\":\"search_term_string\"}}],\"inLanguage\":\"sv-SE\"}]}<\/script>\n<!-- \/ Yoast SEO plugin. -->","yoast_head_json":{"title":"Projektering | Webbutiken | Cenva AB","robots":{"index":"noindex","follow":"follow","max-snippet":"max-snippet:-1","max-image-preview":"max-image-preview:large","max-video-preview":"max-video-preview:-1"},"og_locale":"sv_SE","og_type":"article","og_title":"Projektering | Webbutiken | Cenva AB","og_description":"Beh\u00f6ver du hj\u00e4lp med projektering av centraldammsugarsystemet i din villa?  Vi l\u00e4mnar f\u00f6rslag p\u00e5 var centralenheten ska sitta, var sugdosor ska placeras, hur l\u00e5ng st\u00e4dslang du beh\u00f6ver samt var du l\u00e4mpligast drar dammsugarr\u00f6ren.  Skicka oss planritning \u00f6ver din villa s\u00e5 f\u00e5r du tillbaka en handritad projektering.  Erbjudandet g\u00e4ller d\u00e5 du best\u00e4ller en komplett centraldammsugarsystem fr\u00e5n oss.\u00a0","og_url":"https:\/\/cenva.hemsida.eu\/butik\/produkt\/centralenheter\/projektering\/","og_site_name":"Webbutiken | Cenva AB","article_publisher":"https:\/\/www.facebook.com\/Cenva-AB-Centraldammsugare-1544305639196589","article_modified_time":"2022-11-11T12:41:49+00:00","og_image":[{"width":600,"height":600,"url":"https:\/\/cenva.hemsida.eu\/butik\/wp-content\/uploads\/Projektering.jpg","type":"image\/jpeg"}],"twitter_card":"summary_large_image","schema":{"@context":"https:\/\/schema.org","@graph":[{"@type":"WebPage","@id":"https:\/\/cenva.hemsida.eu\/butik\/produkt\/centralenheter\/projektering\/","url":"https:\/\/cenva.hemsida.eu\/butik\/produkt\/centralenheter\/projektering\/","name":"Projektering | Webbutiken | Cenva AB","isPartOf":{"@id":"https:\/\/cenva.hemsida.eu\/butik\/#website"},"primaryImageOfPage":{"@id":"https:\/\/cenva.hemsida.eu\/butik\/produkt\/centralenheter\/projektering\/#primaryimage"},"image":{"@id":"https:\/\/cenva.hemsida.eu\/butik\/produkt\/centralenheter\/projektering\/#primaryimage"},"thumbnailUrl":"https:\/\/cenva.hemsida.eu\/butik\/wp-content\/uploads\/Projektering.jpg","datePublished":"2017-11-13T07:03:02+00:00","dateModified":"2022-11-11T12:41:49+00:00","breadcrumb":{"@id":"https:\/\/cenva.hemsida.eu\/butik\/produkt\/centralenheter\/projektering\/#breadcrumb"},"inLanguage":"sv-SE","potentialAction":[{"@type":"ReadAction","target":["https:\/\/cenva.hemsida.eu\/butik\/produkt\/centralenheter\/projektering\/"]}]},{"@type":"ImageObject","inLanguage":"sv-SE","@id":"https:\/\/cenva.hemsida.eu\/butik\/produkt\/centralenheter\/projektering\/#primaryimage","url":"https:\/\/cenva.hemsida.eu\/butik\/wp-content\/uploads\/Projektering.jpg","contentUrl":"https:\/\/cenva.hemsida.eu\/butik\/wp-content\/uploads\/Projektering.jpg","width":600,"height":600},{"@type":"BreadcrumbList","@id":"https:\/\/cenva.hemsida.eu\/butik\/produkt\/centralenheter\/projektering\/#breadcrumb","itemListElement":[{"@type":"ListItem","position":1,"name":"Hem","item":"https:\/\/cenva.hemsida.eu\/butik\/"},{"@type":"ListItem","position":2,"name":"Webbutik","item":"https:\/\/cenva.hemsida.eu\/butik\/butik\/"},{"@type":"ListItem","position":3,"name":"Projektering"}]},{"@type":"WebSite","@id":"https:\/\/cenva.hemsida.eu\/butik\/#website","url":"https:\/\/cenva.hemsida.eu\/butik\/","name":"Webbutiken | Cenva AB","description":"Centraldammsugare butiken","potentialAction":[{"@type":"SearchAction","target":{"@type":"EntryPoint","urlTemplate":"https:\/\/cenva.hemsida.eu\/butik\/?s={search_term_string}"},"query-input":{"@type":"PropertyValueSpecification","valueRequired":true,"valueName":"search_term_string"}}],"inLanguage":"sv-SE"}]}},"_links":{"self":[{"href":"https:\/\/cenva.hemsida.eu\/butik\/wp-json\/wp\/v2\/product\/19458","targetHints":{"allow":["GET"]}}],"collection":[{"href":"https:\/\/cenva.hemsida.eu\/butik\/wp-json\/wp\/v2\/product"}],"about":[{"href":"https:\/\/cenva.hemsida.eu\/butik\/wp-json\/wp\/v2\/types\/product"}],"wp:featuredmedia":[{"embeddable":true,"href":"https:\/\/cenva.hemsida.eu\/butik\/wp-json\/wp\/v2\/media\/19738"}],"wp:attachment":[{"href":"https:\/\/cenva.hemsida.eu\/butik\/wp-json\/wp\/v2\/media?parent=19458"}],"wp:term":[{"taxonomy":"product_brand","embeddable":true,"href":"https:\/\/cenva.hemsida.eu\/butik\/wp-json\/wp\/v2\/product_brand?post=19458"},{"taxonomy":"product_cat","embeddable":true,"href":"https:\/\/cenva.hemsida.eu\/butik\/wp-json\/wp\/v2\/product_cat?post=19458"},{"taxonomy":"product_tag","embeddable":true,"href":"https:\/\/cenva.hemsida.eu\/butik\/wp-json\/wp\/v2\/product_tag?post=19458"}],"curies":[{"name":"wp","href":"https:\/\/api.w.org\/{rel}","templated":true}]}}