{"id":18543,"date":"2017-02-01T07:30:37","date_gmt":"2017-02-01T06:30:37","guid":{"rendered":"https:\/\/cenva.hemsida.eu\/butik\/?post_type=product&#038;p=18543"},"modified":"2022-12-01T00:00:26","modified_gmt":"2022-11-30T23:00:26","slug":"ljuddampare","status":"publish","type":"product","link":"https:\/\/cenva.hemsida.eu\/butik\/produkt\/rordelar\/ljuddampare\/","title":{"rendered":"Ljudd\u00e4mpare"},"content":{"rendered":"","protected":false},"excerpt":{"rendered":"<p>Ljudd\u00e4mpare f\u00f6r centraldammsugare.<\/p>\n<p>Funktionen med ljudd\u00e4mparen \u00e4r att d\u00e4mpa ljudet som uppst\u00e5r i utbl\u00e5sr\u00f6rets utlopp. F\u00f6r att f\u00e5 b\u00e4sta effekt s\u00e5 placeras ljudd\u00e4mparen s\u00e5 n\u00e4ra utloppet som m\u00f6jligt.<\/p>\n<p>Ljudd\u00e4mparen kan monteras vertikalt eller horisontellt. Beroende p\u00e5 modell s\u00e5 kan ljudd\u00e4mparen vara svart.<\/p>\n<p>OBS! Vad g\u00e4ller Beam centraldammsugare s\u00e5 \u00e4r ljudd\u00e4mparen bipackad tillsammans med centralenheten.<\/p>\n<p>&nbsp;<\/p>\n","protected":false},"featured_media":18793,"template":"","meta":[],"product_brand":[],"product_cat":[102],"product_tag":[],"class_list":{"0":"post-18543","1":"product","2":"type-product","3":"status-publish","4":"has-post-thumbnail","6":"product_cat-rordelar","7":"product_shipping_class-frakt-ombud","9":"first","10":"instock","11":"taxable","12":"shipping-taxable","13":"purchasable","14":"product-type-simple"},"bundle_layout":"","bundled_by":[],"bundled_items":[],"yoast_head":"<!-- This site is optimized with the Yoast SEO plugin v25.0 - https:\/\/yoast.com\/wordpress\/plugins\/seo\/ -->\n<title>Ljudd\u00e4mpare | Webbutiken | Cenva AB<\/title>\n<meta name=\"robots\" content=\"noindex, follow, max-snippet:-1, max-image-preview:large, max-video-preview:-1\" \/>\n<meta property=\"og:locale\" content=\"sv_SE\" \/>\n<meta property=\"og:type\" content=\"article\" \/>\n<meta property=\"og:title\" content=\"Ljudd\u00e4mpare | Webbutiken | Cenva AB\" \/>\n<meta property=\"og:description\" content=\"Ljudd\u00e4mpare f\u00f6r centraldammsugare.  Funktionen med ljudd\u00e4mparen \u00e4r att d\u00e4mpa ljudet som uppst\u00e5r i utbl\u00e5sr\u00f6rets utlopp. F\u00f6r att f\u00e5 b\u00e4sta effekt s\u00e5 placeras ljudd\u00e4mparen s\u00e5 n\u00e4ra utloppet som m\u00f6jligt.  Ljudd\u00e4mparen kan monteras vertikalt eller horisontellt. Beroende p\u00e5 modell s\u00e5 kan ljudd\u00e4mparen vara svart.  OBS! Vad g\u00e4ller Beam centraldammsugare s\u00e5 \u00e4r ljudd\u00e4mparen bipackad tillsammans med centralenheten.  &nbsp;\" \/>\n<meta property=\"og:url\" content=\"https:\/\/cenva.hemsida.eu\/butik\/produkt\/rordelar\/ljuddampare\/\" \/>\n<meta property=\"og:site_name\" content=\"Webbutiken | Cenva AB\" \/>\n<meta property=\"article:publisher\" content=\"https:\/\/www.facebook.com\/Cenva-AB-Centraldammsugare-1544305639196589\" \/>\n<meta property=\"article:modified_time\" content=\"2022-11-30T23:00:26+00:00\" \/>\n<meta property=\"og:image\" content=\"https:\/\/cenva.hemsida.eu\/butik\/wp-content\/uploads\/5022-web.jpg\" \/>\n\t<meta property=\"og:image:width\" content=\"600\" \/>\n\t<meta property=\"og:image:height\" content=\"600\" \/>\n\t<meta property=\"og:image:type\" content=\"image\/jpeg\" \/>\n<meta name=\"twitter:card\" content=\"summary_large_image\" \/>\n<script type=\"application\/ld+json\" class=\"yoast-schema-graph\">{\"@context\":\"https:\/\/schema.org\",\"@graph\":[{\"@type\":\"WebPage\",\"@id\":\"https:\/\/cenva.hemsida.eu\/butik\/produkt\/rordelar\/ljuddampare\/\",\"url\":\"https:\/\/cenva.hemsida.eu\/butik\/produkt\/rordelar\/ljuddampare\/\",\"name\":\"Ljudd\u00e4mpare | Webbutiken | Cenva AB\",\"isPartOf\":{\"@id\":\"https:\/\/cenva.hemsida.eu\/butik\/#website\"},\"primaryImageOfPage\":{\"@id\":\"https:\/\/cenva.hemsida.eu\/butik\/produkt\/rordelar\/ljuddampare\/#primaryimage\"},\"image\":{\"@id\":\"https:\/\/cenva.hemsida.eu\/butik\/produkt\/rordelar\/ljuddampare\/#primaryimage\"},\"thumbnailUrl\":\"https:\/\/cenva.hemsida.eu\/butik\/wp-content\/uploads\/5022-web.jpg\",\"datePublished\":\"2017-02-01T06:30:37+00:00\",\"dateModified\":\"2022-11-30T23:00:26+00:00\",\"breadcrumb\":{\"@id\":\"https:\/\/cenva.hemsida.eu\/butik\/produkt\/rordelar\/ljuddampare\/#breadcrumb\"},\"inLanguage\":\"sv-SE\",\"potentialAction\":[{\"@type\":\"ReadAction\",\"target\":[\"https:\/\/cenva.hemsida.eu\/butik\/produkt\/rordelar\/ljuddampare\/\"]}]},{\"@type\":\"ImageObject\",\"inLanguage\":\"sv-SE\",\"@id\":\"https:\/\/cenva.hemsida.eu\/butik\/produkt\/rordelar\/ljuddampare\/#primaryimage\",\"url\":\"https:\/\/cenva.hemsida.eu\/butik\/wp-content\/uploads\/5022-web.jpg\",\"contentUrl\":\"https:\/\/cenva.hemsida.eu\/butik\/wp-content\/uploads\/5022-web.jpg\",\"width\":600,\"height\":600},{\"@type\":\"BreadcrumbList\",\"@id\":\"https:\/\/cenva.hemsida.eu\/butik\/produkt\/rordelar\/ljuddampare\/#breadcrumb\",\"itemListElement\":[{\"@type\":\"ListItem\",\"position\":1,\"name\":\"Hem\",\"item\":\"https:\/\/cenva.hemsida.eu\/butik\/\"},{\"@type\":\"ListItem\",\"position\":2,\"name\":\"Webbutik\",\"item\":\"https:\/\/cenva.hemsida.eu\/butik\/butik\/\"},{\"@type\":\"ListItem\",\"position\":3,\"name\":\"Ljudd\u00e4mpare\"}]},{\"@type\":\"WebSite\",\"@id\":\"https:\/\/cenva.hemsida.eu\/butik\/#website\",\"url\":\"https:\/\/cenva.hemsida.eu\/butik\/\",\"name\":\"Webbutiken | Cenva AB\",\"description\":\"Centraldammsugare butiken\",\"potentialAction\":[{\"@type\":\"SearchAction\",\"target\":{\"@type\":\"EntryPoint\",\"urlTemplate\":\"https:\/\/cenva.hemsida.eu\/butik\/?s={search_term_string}\"},\"query-input\":{\"@type\":\"PropertyValueSpecification\",\"valueRequired\":true,\"valueName\":\"search_term_string\"}}],\"inLanguage\":\"sv-SE\"}]}<\/script>\n<!-- \/ Yoast SEO plugin. -->","yoast_head_json":{"title":"Ljudd\u00e4mpare | Webbutiken | Cenva AB","robots":{"index":"noindex","follow":"follow","max-snippet":"max-snippet:-1","max-image-preview":"max-image-preview:large","max-video-preview":"max-video-preview:-1"},"og_locale":"sv_SE","og_type":"article","og_title":"Ljudd\u00e4mpare | Webbutiken | Cenva AB","og_description":"Ljudd\u00e4mpare f\u00f6r centraldammsugare.  Funktionen med ljudd\u00e4mparen \u00e4r att d\u00e4mpa ljudet som uppst\u00e5r i utbl\u00e5sr\u00f6rets utlopp. F\u00f6r att f\u00e5 b\u00e4sta effekt s\u00e5 placeras ljudd\u00e4mparen s\u00e5 n\u00e4ra utloppet som m\u00f6jligt.  Ljudd\u00e4mparen kan monteras vertikalt eller horisontellt. Beroende p\u00e5 modell s\u00e5 kan ljudd\u00e4mparen vara svart.  OBS! Vad g\u00e4ller Beam centraldammsugare s\u00e5 \u00e4r ljudd\u00e4mparen bipackad tillsammans med centralenheten.  &nbsp;","og_url":"https:\/\/cenva.hemsida.eu\/butik\/produkt\/rordelar\/ljuddampare\/","og_site_name":"Webbutiken | Cenva AB","article_publisher":"https:\/\/www.facebook.com\/Cenva-AB-Centraldammsugare-1544305639196589","article_modified_time":"2022-11-30T23:00:26+00:00","og_image":[{"width":600,"height":600,"url":"https:\/\/cenva.hemsida.eu\/butik\/wp-content\/uploads\/5022-web.jpg","type":"image\/jpeg"}],"twitter_card":"summary_large_image","schema":{"@context":"https:\/\/schema.org","@graph":[{"@type":"WebPage","@id":"https:\/\/cenva.hemsida.eu\/butik\/produkt\/rordelar\/ljuddampare\/","url":"https:\/\/cenva.hemsida.eu\/butik\/produkt\/rordelar\/ljuddampare\/","name":"Ljudd\u00e4mpare | Webbutiken | Cenva AB","isPartOf":{"@id":"https:\/\/cenva.hemsida.eu\/butik\/#website"},"primaryImageOfPage":{"@id":"https:\/\/cenva.hemsida.eu\/butik\/produkt\/rordelar\/ljuddampare\/#primaryimage"},"image":{"@id":"https:\/\/cenva.hemsida.eu\/butik\/produkt\/rordelar\/ljuddampare\/#primaryimage"},"thumbnailUrl":"https:\/\/cenva.hemsida.eu\/butik\/wp-content\/uploads\/5022-web.jpg","datePublished":"2017-02-01T06:30:37+00:00","dateModified":"2022-11-30T23:00:26+00:00","breadcrumb":{"@id":"https:\/\/cenva.hemsida.eu\/butik\/produkt\/rordelar\/ljuddampare\/#breadcrumb"},"inLanguage":"sv-SE","potentialAction":[{"@type":"ReadAction","target":["https:\/\/cenva.hemsida.eu\/butik\/produkt\/rordelar\/ljuddampare\/"]}]},{"@type":"ImageObject","inLanguage":"sv-SE","@id":"https:\/\/cenva.hemsida.eu\/butik\/produkt\/rordelar\/ljuddampare\/#primaryimage","url":"https:\/\/cenva.hemsida.eu\/butik\/wp-content\/uploads\/5022-web.jpg","contentUrl":"https:\/\/cenva.hemsida.eu\/butik\/wp-content\/uploads\/5022-web.jpg","width":600,"height":600},{"@type":"BreadcrumbList","@id":"https:\/\/cenva.hemsida.eu\/butik\/produkt\/rordelar\/ljuddampare\/#breadcrumb","itemListElement":[{"@type":"ListItem","position":1,"name":"Hem","item":"https:\/\/cenva.hemsida.eu\/butik\/"},{"@type":"ListItem","position":2,"name":"Webbutik","item":"https:\/\/cenva.hemsida.eu\/butik\/butik\/"},{"@type":"ListItem","position":3,"name":"Ljudd\u00e4mpare"}]},{"@type":"WebSite","@id":"https:\/\/cenva.hemsida.eu\/butik\/#website","url":"https:\/\/cenva.hemsida.eu\/butik\/","name":"Webbutiken | Cenva AB","description":"Centraldammsugare butiken","potentialAction":[{"@type":"SearchAction","target":{"@type":"EntryPoint","urlTemplate":"https:\/\/cenva.hemsida.eu\/butik\/?s={search_term_string}"},"query-input":{"@type":"PropertyValueSpecification","valueRequired":true,"valueName":"search_term_string"}}],"inLanguage":"sv-SE"}]}},"_links":{"self":[{"href":"https:\/\/cenva.hemsida.eu\/butik\/wp-json\/wp\/v2\/product\/18543","targetHints":{"allow":["GET"]}}],"collection":[{"href":"https:\/\/cenva.hemsida.eu\/butik\/wp-json\/wp\/v2\/product"}],"about":[{"href":"https:\/\/cenva.hemsida.eu\/butik\/wp-json\/wp\/v2\/types\/product"}],"wp:featuredmedia":[{"embeddable":true,"href":"https:\/\/cenva.hemsida.eu\/butik\/wp-json\/wp\/v2\/media\/18793"}],"wp:attachment":[{"href":"https:\/\/cenva.hemsida.eu\/butik\/wp-json\/wp\/v2\/media?parent=18543"}],"wp:term":[{"taxonomy":"product_brand","embeddable":true,"href":"https:\/\/cenva.hemsida.eu\/butik\/wp-json\/wp\/v2\/product_brand?post=18543"},{"taxonomy":"product_cat","embeddable":true,"href":"https:\/\/cenva.hemsida.eu\/butik\/wp-json\/wp\/v2\/product_cat?post=18543"},{"taxonomy":"product_tag","embeddable":true,"href":"https:\/\/cenva.hemsida.eu\/butik\/wp-json\/wp\/v2\/product_tag?post=18543"}],"curies":[{"name":"wp","href":"https:\/\/api.w.org\/{rel}","templated":true}]}}