{"id":18423,"date":"2016-12-15T14:16:12","date_gmt":"2016-12-15T13:16:12","guid":{"rendered":"https:\/\/cenva.hemsida.eu\/butik\/?post_type=product&#038;p=18423"},"modified":"2023-08-15T10:53:38","modified_gmt":"2023-08-15T08:53:38","slug":"stadset-komplett","status":"publish","type":"product","link":"https:\/\/cenva.hemsida.eu\/butik\/produkt\/stadset\/stadset-komplett\/","title":{"rendered":"St\u00e4dset komplett &#8211; 9 meter slang"},"content":{"rendered":"<p>Passar till Beam, Canvac, Husky, Nilfisk och Electrolux centraldammsugare.<\/p>\n<p>Sugslangens diameter \u00e4r 35mm.<\/p>\n","protected":false},"excerpt":{"rendered":"<p>Beam st\u00e4dset, komplett paket inkl 9 meter st\u00e4dslang med on\/off funktion i handtaget.<\/p>\n<p>F\u00f6ljande artiklar ing\u00e5r i st\u00e4dsetet:<\/p>\n<p>Beam sugslang 9 meter, med on\/off funktion (<a href=\"https:\/\/cenva.hemsida.eu\/butik\/butik\/slangar\/beam-stadslang-9m-onoff\/\"><span style=\"color: #0053a6;\">4885<\/span><\/a>)<br \/>\nGolv- &amp; mattmunstycke (<a href=\"https:\/\/cenva.hemsida.eu\/butik\/butik\/munstycken\/golv-mattmunstycke\/\"><span style=\"color: #0053a6;\">4362<\/span><\/a>)<br \/>\nGolvmunstycke, extra brett (<a href=\"https:\/\/cenva.hemsida.eu\/butik\/butik\/munstycken\/golvmunstycke-extra-brett\/\"><span style=\"color: #0053a6;\">4363<\/span><\/a>)<br \/>\nBorstmunstycke (<a href=\"https:\/\/cenva.hemsida.eu\/butik\/butik\/munstycken\/borstmunstycke-runt-med-naturborst\/\"><span style=\"color: #0053a6;\">4377<\/span><\/a>)<br \/>\nM\u00f6belmunstycke (<a href=\"https:\/\/cenva.hemsida.eu\/butik\/butik\/munstycken\/mobelmunstycke-med-naturborst\/\"><span style=\"color: #0053a6;\">4383<\/span><\/a>)<br \/>\nFogmunstycke (<a href=\"https:\/\/cenva.hemsida.eu\/butik\/butik\/munstycken\/fogmunstycke\/\"><span style=\"color: #0053a6;\">4371<\/span><\/a>)<br \/>\nSlangh\u00e5llare (<a href=\"https:\/\/cenva.hemsida.eu\/butik\/butik\/stadtillbehor\/slanghallare\/\"><span style=\"color: #0053a6;\">4389<\/span><\/a>)<br \/>\nTeleskopr\u00f6r (<a href=\"https:\/\/cenva.hemsida.eu\/butik\/butik\/stadtillbehor\/teleskopror-svart-aluminium\/\"><span style=\"color: #0053a6;\">4350<\/span><\/a>)<\/p>\n<p>&nbsp;<\/p>\n<p><span style=\"color: #72a922;\"><em>\u00c4r du os\u00e4ker p\u00e5 vilken slangl\u00e4ngd du beh\u00f6ver? H\u00f6r av dig till oss f\u00f6r tips och r\u00e5d!<\/em><\/span><\/p>\n<p>&nbsp;<\/p>\n","protected":false},"featured_media":20529,"template":"","meta":[],"product_brand":[],"product_cat":[105],"product_tag":[],"class_list":{"0":"post-18423","1":"product","2":"type-product","3":"status-publish","4":"has-post-thumbnail","6":"product_cat-stadset","7":"product_shipping_class-frakt-ombud","9":"first","10":"instock","11":"sale","12":"taxable","13":"shipping-taxable","14":"purchasable","15":"product-type-simple"},"bundle_layout":"","bundled_by":["19263","19278","19276","19299","19301","19302","19310","19312","19313"],"bundled_items":[],"yoast_head":"<!-- This site is optimized with the Yoast SEO plugin v25.0 - https:\/\/yoast.com\/wordpress\/plugins\/seo\/ -->\n<title>St\u00e4dset komplett - 9 meter slang | Webbutiken | Cenva AB<\/title>\n<meta name=\"description\" content=\"St\u00e4dset (9m)\" \/>\n<meta name=\"robots\" content=\"noindex, follow, max-snippet:-1, max-image-preview:large, max-video-preview:-1\" \/>\n<meta property=\"og:locale\" content=\"sv_SE\" \/>\n<meta property=\"og:type\" content=\"article\" \/>\n<meta property=\"og:title\" content=\"St\u00e4dset komplett - 9 meter slang | Webbutiken | Cenva AB\" \/>\n<meta property=\"og:description\" content=\"St\u00e4dset (9m)\" \/>\n<meta property=\"og:url\" content=\"https:\/\/cenva.hemsida.eu\/butik\/produkt\/stadset\/stadset-komplett\/\" \/>\n<meta property=\"og:site_name\" content=\"Webbutiken | Cenva AB\" \/>\n<meta property=\"article:publisher\" content=\"https:\/\/www.facebook.com\/Cenva-AB-Centraldammsugare-1544305639196589\" \/>\n<meta property=\"article:modified_time\" content=\"2023-08-15T08:53:38+00:00\" \/>\n<meta property=\"og:image\" content=\"https:\/\/cenva.hemsida.eu\/butik\/wp-content\/uploads\/Namnlost-4-7.jpg\" \/>\n\t<meta property=\"og:image:width\" content=\"539\" \/>\n\t<meta property=\"og:image:height\" content=\"539\" \/>\n\t<meta property=\"og:image:type\" content=\"image\/jpeg\" \/>\n<meta name=\"twitter:card\" content=\"summary_large_image\" \/>\n<script type=\"application\/ld+json\" class=\"yoast-schema-graph\">{\"@context\":\"https:\/\/schema.org\",\"@graph\":[{\"@type\":\"WebPage\",\"@id\":\"https:\/\/cenva.hemsida.eu\/butik\/produkt\/stadset\/stadset-komplett\/\",\"url\":\"https:\/\/cenva.hemsida.eu\/butik\/produkt\/stadset\/stadset-komplett\/\",\"name\":\"St\u00e4dset komplett - 9 meter slang | Webbutiken | Cenva AB\",\"isPartOf\":{\"@id\":\"https:\/\/cenva.hemsida.eu\/butik\/#website\"},\"primaryImageOfPage\":{\"@id\":\"https:\/\/cenva.hemsida.eu\/butik\/produkt\/stadset\/stadset-komplett\/#primaryimage\"},\"image\":{\"@id\":\"https:\/\/cenva.hemsida.eu\/butik\/produkt\/stadset\/stadset-komplett\/#primaryimage\"},\"thumbnailUrl\":\"https:\/\/cenva.hemsida.eu\/butik\/wp-content\/uploads\/Namnlost-4-7.jpg\",\"datePublished\":\"2016-12-15T13:16:12+00:00\",\"dateModified\":\"2023-08-15T08:53:38+00:00\",\"description\":\"St\u00e4dset (9m)\",\"breadcrumb\":{\"@id\":\"https:\/\/cenva.hemsida.eu\/butik\/produkt\/stadset\/stadset-komplett\/#breadcrumb\"},\"inLanguage\":\"sv-SE\",\"potentialAction\":[{\"@type\":\"ReadAction\",\"target\":[\"https:\/\/cenva.hemsida.eu\/butik\/produkt\/stadset\/stadset-komplett\/\"]}]},{\"@type\":\"ImageObject\",\"inLanguage\":\"sv-SE\",\"@id\":\"https:\/\/cenva.hemsida.eu\/butik\/produkt\/stadset\/stadset-komplett\/#primaryimage\",\"url\":\"https:\/\/cenva.hemsida.eu\/butik\/wp-content\/uploads\/Namnlost-4-7.jpg\",\"contentUrl\":\"https:\/\/cenva.hemsida.eu\/butik\/wp-content\/uploads\/Namnlost-4-7.jpg\",\"width\":539,\"height\":539},{\"@type\":\"BreadcrumbList\",\"@id\":\"https:\/\/cenva.hemsida.eu\/butik\/produkt\/stadset\/stadset-komplett\/#breadcrumb\",\"itemListElement\":[{\"@type\":\"ListItem\",\"position\":1,\"name\":\"Hem\",\"item\":\"https:\/\/cenva.hemsida.eu\/butik\/\"},{\"@type\":\"ListItem\",\"position\":2,\"name\":\"Webbutik\",\"item\":\"https:\/\/cenva.hemsida.eu\/butik\/butik\/\"},{\"@type\":\"ListItem\",\"position\":3,\"name\":\"St\u00e4dset komplett &#8211; 9 meter slang\"}]},{\"@type\":\"WebSite\",\"@id\":\"https:\/\/cenva.hemsida.eu\/butik\/#website\",\"url\":\"https:\/\/cenva.hemsida.eu\/butik\/\",\"name\":\"Webbutiken | Cenva AB\",\"description\":\"Centraldammsugare butiken\",\"potentialAction\":[{\"@type\":\"SearchAction\",\"target\":{\"@type\":\"EntryPoint\",\"urlTemplate\":\"https:\/\/cenva.hemsida.eu\/butik\/?s={search_term_string}\"},\"query-input\":{\"@type\":\"PropertyValueSpecification\",\"valueRequired\":true,\"valueName\":\"search_term_string\"}}],\"inLanguage\":\"sv-SE\"}]}<\/script>\n<!-- \/ Yoast SEO plugin. -->","yoast_head_json":{"title":"St\u00e4dset komplett - 9 meter slang | Webbutiken | Cenva AB","description":"St\u00e4dset (9m)","robots":{"index":"noindex","follow":"follow","max-snippet":"max-snippet:-1","max-image-preview":"max-image-preview:large","max-video-preview":"max-video-preview:-1"},"og_locale":"sv_SE","og_type":"article","og_title":"St\u00e4dset komplett - 9 meter slang | Webbutiken | Cenva AB","og_description":"St\u00e4dset (9m)","og_url":"https:\/\/cenva.hemsida.eu\/butik\/produkt\/stadset\/stadset-komplett\/","og_site_name":"Webbutiken | Cenva AB","article_publisher":"https:\/\/www.facebook.com\/Cenva-AB-Centraldammsugare-1544305639196589","article_modified_time":"2023-08-15T08:53:38+00:00","og_image":[{"width":539,"height":539,"url":"https:\/\/cenva.hemsida.eu\/butik\/wp-content\/uploads\/Namnlost-4-7.jpg","type":"image\/jpeg"}],"twitter_card":"summary_large_image","schema":{"@context":"https:\/\/schema.org","@graph":[{"@type":"WebPage","@id":"https:\/\/cenva.hemsida.eu\/butik\/produkt\/stadset\/stadset-komplett\/","url":"https:\/\/cenva.hemsida.eu\/butik\/produkt\/stadset\/stadset-komplett\/","name":"St\u00e4dset komplett - 9 meter slang | Webbutiken | Cenva AB","isPartOf":{"@id":"https:\/\/cenva.hemsida.eu\/butik\/#website"},"primaryImageOfPage":{"@id":"https:\/\/cenva.hemsida.eu\/butik\/produkt\/stadset\/stadset-komplett\/#primaryimage"},"image":{"@id":"https:\/\/cenva.hemsida.eu\/butik\/produkt\/stadset\/stadset-komplett\/#primaryimage"},"thumbnailUrl":"https:\/\/cenva.hemsida.eu\/butik\/wp-content\/uploads\/Namnlost-4-7.jpg","datePublished":"2016-12-15T13:16:12+00:00","dateModified":"2023-08-15T08:53:38+00:00","description":"St\u00e4dset (9m)","breadcrumb":{"@id":"https:\/\/cenva.hemsida.eu\/butik\/produkt\/stadset\/stadset-komplett\/#breadcrumb"},"inLanguage":"sv-SE","potentialAction":[{"@type":"ReadAction","target":["https:\/\/cenva.hemsida.eu\/butik\/produkt\/stadset\/stadset-komplett\/"]}]},{"@type":"ImageObject","inLanguage":"sv-SE","@id":"https:\/\/cenva.hemsida.eu\/butik\/produkt\/stadset\/stadset-komplett\/#primaryimage","url":"https:\/\/cenva.hemsida.eu\/butik\/wp-content\/uploads\/Namnlost-4-7.jpg","contentUrl":"https:\/\/cenva.hemsida.eu\/butik\/wp-content\/uploads\/Namnlost-4-7.jpg","width":539,"height":539},{"@type":"BreadcrumbList","@id":"https:\/\/cenva.hemsida.eu\/butik\/produkt\/stadset\/stadset-komplett\/#breadcrumb","itemListElement":[{"@type":"ListItem","position":1,"name":"Hem","item":"https:\/\/cenva.hemsida.eu\/butik\/"},{"@type":"ListItem","position":2,"name":"Webbutik","item":"https:\/\/cenva.hemsida.eu\/butik\/butik\/"},{"@type":"ListItem","position":3,"name":"St\u00e4dset komplett &#8211; 9 meter slang"}]},{"@type":"WebSite","@id":"https:\/\/cenva.hemsida.eu\/butik\/#website","url":"https:\/\/cenva.hemsida.eu\/butik\/","name":"Webbutiken | Cenva AB","description":"Centraldammsugare butiken","potentialAction":[{"@type":"SearchAction","target":{"@type":"EntryPoint","urlTemplate":"https:\/\/cenva.hemsida.eu\/butik\/?s={search_term_string}"},"query-input":{"@type":"PropertyValueSpecification","valueRequired":true,"valueName":"search_term_string"}}],"inLanguage":"sv-SE"}]}},"_links":{"self":[{"href":"https:\/\/cenva.hemsida.eu\/butik\/wp-json\/wp\/v2\/product\/18423","targetHints":{"allow":["GET"]}}],"collection":[{"href":"https:\/\/cenva.hemsida.eu\/butik\/wp-json\/wp\/v2\/product"}],"about":[{"href":"https:\/\/cenva.hemsida.eu\/butik\/wp-json\/wp\/v2\/types\/product"}],"wp:featuredmedia":[{"embeddable":true,"href":"https:\/\/cenva.hemsida.eu\/butik\/wp-json\/wp\/v2\/media\/20529"}],"wp:attachment":[{"href":"https:\/\/cenva.hemsida.eu\/butik\/wp-json\/wp\/v2\/media?parent=18423"}],"wp:term":[{"taxonomy":"product_brand","embeddable":true,"href":"https:\/\/cenva.hemsida.eu\/butik\/wp-json\/wp\/v2\/product_brand?post=18423"},{"taxonomy":"product_cat","embeddable":true,"href":"https:\/\/cenva.hemsida.eu\/butik\/wp-json\/wp\/v2\/product_cat?post=18423"},{"taxonomy":"product_tag","embeddable":true,"href":"https:\/\/cenva.hemsida.eu\/butik\/wp-json\/wp\/v2\/product_tag?post=18423"}],"curies":[{"name":"wp","href":"https:\/\/api.w.org\/{rel}","templated":true}]}}