{"id":19336,"date":"2017-10-04T09:29:57","date_gmt":"2017-10-04T07:29:57","guid":{"rendered":"https:\/\/cenva.hemsida.eu\/butik\/?page_id=19336"},"modified":"2024-05-28T11:06:22","modified_gmt":"2024-05-28T09:06:22","slug":"forsaljnings-och-leveransvillkor","status":"publish","type":"page","link":"https:\/\/cenva.hemsida.eu\/butik\/forsaljnings-och-leveransvillkor\/","title":{"rendered":"F\u00f6rs\u00e4ljnings- och leveransvillkor"},"content":{"rendered":"<div class=\"container section-title-container\" style=\"margin-top:20px;\"><h3 class=\"section-title section-title-center\"><b><\/b><span class=\"section-title-main\" >F\u00d6RS\u00c4LJNINGS- OCH LEVERANSVILLKOR<\/span><b><\/b><\/h3><\/div>\n\n<p>I v\u00e5r webbshop kan man endast g\u00f6ra best\u00e4llningar med leveranser inom Sverige.<br \/>Man m\u00e5ste vara 18 \u00e5r eller \u00e4ldre f\u00f6r att f\u00e5 handla p\u00e5 cenva.se.<\/p>\n<p><strong>Orderprocessen \u00e4r som f\u00f6ljer<\/strong><\/p>\n<p>Du l\u00e4gger en order.<br \/>Betalar via Payson.<br \/>N\u00e4r vi behandlat din order s\u00e5 f\u00e5r du en orderbekr\u00e4ftelse till angiven e-postadress.<br \/>Vid mindre best\u00e4llningar levereras varan med Postnord, vid st\u00f6rre paketleveranser s\u00e5 anv\u00e4nder vi oss utav DB Schenker eller DHL.<br \/>Du f\u00e5r ett sms fr\u00e5n Schenker \/ DHL n\u00e4r ditt paket kommit fram till ert utl\u00e4mningsst\u00e4lle. Du f\u00e5r sj\u00e4lv g\u00e5 dit att h\u00e4mta ut ditt paket.<br \/>Vid k\u00f6p av komplett centraldammsugarpaket k\u00f6r Schenker\/DHL ut s\u00e4ndningen, hem till d\u00f6rren.<br \/>Om varan skulle vara slut eller restnoterad s\u00e5 kontaktar vi er givetvis. D\u00e4refter f\u00e5r ni sj\u00e4lva besluta hur ni skall g\u00f6ra.<br \/>Om du valt att h\u00e4mta varorna p\u00e5 plats hos oss i Mariestad s\u00e5 h\u00f6r vi av oss n\u00e4r best\u00e4llningen finns f\u00f6r avh\u00e4mtning. \u00d6ppettider p\u00e5 v\u00e5rat laget \u00e4r m\u00e5ndag &#8211; fredag 7:00-16:00 (lunchst\u00e4ngt 12:00-13:00).<\/p>\n<p><strong>Betalning<\/strong><\/p>\n<p><img loading=\"lazy\" decoding=\"async\" class=\"alignnone wp-image-19657\" src=\"https:\/\/cenva.hemsida.eu\/butik\/wp-content\/uploads\/payson.png\" alt=\"\" width=\"87\" height=\"34\" \/><\/p>\n<p>Betalning sker med Payson. Betalning sker enkelt och s\u00e4kert med Payson. \u00c4ven om du inte har ett PaysonKonto sedan tidigare kan du snabbt g\u00f6ra transaktionen via Payson. Payson samarbetar med VISA, MasterCard samt alla svenska banker som erbjuder direktbetalningar, Swedbank, Handelsbanken, SEB, Nordea och Danske Bank. Payson h\u00e5ller h\u00f6ga s\u00e4kerhetskrav och \u00e4r PCI-certifierade av Trustwave som \u00e4r en internationell organisation f\u00f6r s\u00e4ker e-handel. All trafik krypteras genom SSL 128 bitar och alla kort\u00f6verf\u00f6ringar bygger p\u00e5 bankernas s\u00e5 kallade 3D-secure teknik. Payson startade 2004 i Sverige och flera miljoner personer har anv\u00e4nt Payson som \u00e4r en v\u00e4lk\u00e4nd betall\u00f6sning p\u00e5 internet. L\u00e4s mer om Payson h\u00e4r: <a href=\"http:\/\/www.payson.se\">www.payson.se<\/a><\/p>\n<p><strong>Om Paysonfaktura<\/strong><br \/>Vi erbjuder \u00e4ven betals\u00e4ttet \u201cPaysonFaktura\u201d.<\/p>\n<p>Betalningsvillkor \u00e4r 14 dagar. F\u00f6r att kunna best\u00e4lla mot faktura m\u00e5ste Du ha fyllt 18 \u00e5r och vara folkbokf\u00f6rd i Sverige samt godk\u00e4nnas i den kreditpr\u00f6vning som genomf\u00f6rs vid k\u00f6pet.\u00a0F\u00f6retag som betalar mot PaysonFaktura m\u00e5ste vara registrerade i Sverige<\/p>\n<p>Fakturan kommer att s\u00e4ndas separat med e-post till den e-postadress du anger vid k\u00f6ptillf\u00e4llet. Vid f\u00f6rsenad betalning skickar vi en betalningsp\u00e5minnelse varvid lagstadgad p\u00e5minnelseavgift om f\u00f6r n\u00e4rvarande 60 kr tillkommer. Vi debiterar \u00e4ven dr\u00f6jsm\u00e5lsr\u00e4nta med 2 % per m\u00e5nad fr\u00e5n fakturans f\u00f6rfallodag. Vid utebliven betalning l\u00e4mnas \u00e4rendet till inkasso varvid lagstadgad inkassoavgift om f\u00f6r n\u00e4rvarande 160 kr tillkommer. Payson f\u00f6rbeh\u00e5ller sig r\u00e4tten att i enskilt fall neka leverans och ompr\u00f6va best\u00e4llarens kreditv\u00e4rdighet.<\/p>\n<p><strong>Priss\u00e4ttning<\/strong><\/p>\n<p>Priserna p\u00e5 v\u00e5r hemsida uppdateras kontinuerligt och anges inklusive moms (25%).<br \/>Vi reserverar oss f\u00f6r pris- och textfel.<\/p>\n<p><strong>Frakter och kostnader<\/strong><\/p>\n<p>Alla paket skickas med Postnord, Schenker eller DHL inom Sverige.<\/p>\n<p><strong>Fraktkostnaden \u00e4r uppdelad i olika niv\u00e5er:<\/strong><\/p>\n<ul>\n<li><strong>Post<\/strong> \u2013 Mindre best\u00e4llningar, 59 SEK<\/li>\n<li><strong>Dammsugarp\u00e5sar (Ombud)<\/strong> &#8211; 59 SEK<\/li>\n<li><strong>Schenker Parcel \/ DHL Servicepoint (Ombud)<\/strong> \u2013 Paket som \u00e4r f\u00f6r stora f\u00f6r brevl\u00e5da h\u00e4mtas via ombud (exempelvis st\u00e4dset), 130 SEK<\/li>\n<li><strong>Schenker Parcel \/ DHL Servicepoint (Ombud)<\/strong> \u2013 Paket som \u00e4r f\u00f6r stora f\u00f6r brevl\u00e5da h\u00e4mtas via ombud (exempelvis centralenhet), 199 SEK<\/li>\n<li>\u00a0<strong>Schenker \/ DHL (Hemleverans)<\/strong> \u2013 St\u00f6rre best\u00e4llningar (exempelvis kompletta centraldammsugarpaket), 299 SEK<\/li>\n<\/ul>\n<p>Cenva AB best\u00e4mmer vilket frakts\u00e4tt som \u00e4r till\u00e4mpligt p\u00e5 varje order.<\/p>\n<p>Debiteringen sker efter st\u00f6rsta vikten, verklig eller fraktdragande vikt.\u00a0Vi levererar \u00f6ver hela Sverige.<br \/>Vill du ha leveranstid innan best\u00e4llning s\u00e5 f\u00e5r ni h\u00f6ra av er. Order expedieras i regel samma dag som dom kommer in.<br \/>Vi levererar normalt inom 1-5 arbetsdagar beroende p\u00e5 om vi eller leverant\u00f6ren har varan i lager.<br \/>Observera att fraktbolagen delar ut post\/paket p\u00e5 vardagar &#8211; ej p\u00e5 l\u00f6rdagar, s\u00f6ndagar och helgdagar.<\/p>\n<p><strong>Ej utl\u00f6st f\u00f6rs\u00e4ndelse<\/strong><\/p>\n<p>F\u00f6r f\u00f6rs\u00e4ndelser som ej l\u00f6sts ut utan g\u00e5r i retur till oss debiteras en avgift om 300:-, exklusive moms. Detta f\u00f6r att t\u00e4cka transport- och<br \/>administrationskostnad.<\/p>\n<p><strong>Restnoteringar<\/strong><\/p>\n<p>Vi tar kontakt med dig om det skulle vara restnotering p\u00e5 din best\u00e4llning.<\/p>\n<p><strong>\u00c5ngerr\u00e4tt<\/strong><\/p>\n<p>F\u00f6r att du som kund ska kunna utnyttja \u00e5ngerr\u00e4tten hos Cenva.se s\u00e5 f\u00e5r produkten inte vara anv\u00e4nd. Den ska vara i s\u00e4ljbart skick och f\u00f6rpackad i en oskadad f\u00f6rpackning.<br \/>Du st\u00e5r sj\u00e4lv f\u00f6r returfrakten. \u00c5ngerr\u00e4tten g\u00e4ller i 14 dagar fr\u00e5n den dag som du tagit emot din leverans.<br \/>Om du skulle \u00e5ngra ditt k\u00f6p och utnyttja din \u00e5ngerr\u00e4tt s\u00e5 kommer vi att betala tillbaka alla betalningar vi f\u00e5tt fr\u00e5n dig (exklusive leveranskostnader f\u00f6r retur).<\/p>\n<p><strong>Returgodsbest\u00e4mmelser (g\u00e4ller ej privatpersoner)<br \/><\/strong><\/p>\n<p>Returnerade varor ska vara i nyskick och paketerade artikelvis i kartong\/p\u00e5se.<\/p>\n<p>Returavdrag: 20% av den returnerade produktens ink\u00f6pspris.\u00a0<\/p>\n<p>F\u00f6r hantering och reng\u00f6ring av returnerad produkt debiteras faktisk arbetskostnad om ett timpris om 595:- \/tim.\u00a0<\/p>\n<p>Returr\u00e4tten \u00e4r begr\u00e4nsad i tid och retur m\u00e5ste ske inom ett (1) \u00e5r efter att varorna avl\u00e4mnats hos kunden.\u00a0<\/p>\n<p><strong>Garanti<\/strong><\/p>\n<p>Kontakta oss s\u00e5 hj\u00e4lper vi till med garanti\u00e4renden.<\/p>\n<p><strong>Reklamation<\/strong><\/p>\n<p>Vid reklamation av en vara s\u00e5 kontakt oss. Vi hj\u00e4lper dig!<\/p>\n<p><strong>Skadat gods<\/strong><\/p>\n<p>Om paketet ser skadat ut s\u00e5 \u00e4r det b\u00e4st att man inte l\u00f6ser ut det.<br \/>Om du uppt\u00e4cker skadan f\u00f6rst efter att du \u00f6ppnat paketet s\u00e5 reklamera till spedit\u00f6ren samt till oss, info@cenva.hemsida.eu .<\/p>\n<p><strong>Personuppgifter<\/strong><\/p>\n<p>L\u00e4s v\u00e5r Integritetspolicy <a href=\"https:\/\/cenva.se\/Integritetspolicy\">h\u00e4r<\/a>.<\/p>\n<p><strong>Tvist<\/strong><\/p>\n<p>Vi f\u00f6ljer Allm\u00e4nna Reklamationsn\u00e4mndens (ARN) rekommendationer.<\/p>","protected":false},"excerpt":{"rendered":"","protected":false},"author":1,"featured_media":0,"parent":0,"menu_order":0,"comment_status":"closed","ping_status":"open","template":"","meta":{"footnotes":""},"class_list":["post-19336","page","type-page","status-publish","hentry"],"yoast_head":"<!-- This site is optimized with the Yoast SEO plugin v25.0 - https:\/\/yoast.com\/wordpress\/plugins\/seo\/ -->\n<title>F\u00f6rs\u00e4ljnings- och leveransvillkor | Webbutiken | Cenva AB<\/title>\n<meta name=\"robots\" content=\"noindex, follow, max-snippet:-1, max-image-preview:large, max-video-preview:-1\" \/>\n<meta property=\"og:locale\" content=\"sv_SE\" \/>\n<meta property=\"og:type\" content=\"article\" \/>\n<meta property=\"og:title\" content=\"F\u00f6rs\u00e4ljnings- och leveransvillkor | Webbutiken | Cenva AB\" \/>\n<meta property=\"og:url\" content=\"https:\/\/cenva.hemsida.eu\/butik\/forsaljnings-och-leveransvillkor\/\" \/>\n<meta property=\"og:site_name\" content=\"Webbutiken | Cenva AB\" \/>\n<meta property=\"article:publisher\" content=\"https:\/\/www.facebook.com\/Cenva-AB-Centraldammsugare-1544305639196589\" \/>\n<meta property=\"article:modified_time\" content=\"2024-05-28T09:06:22+00:00\" \/>\n<meta property=\"og:image\" content=\"https:\/\/cenva.hemsida.eu\/butik\/wp-content\/uploads\/payson.png\" \/>\n<meta name=\"twitter:card\" content=\"summary_large_image\" \/>\n<script type=\"application\/ld+json\" class=\"yoast-schema-graph\">{\"@context\":\"https:\/\/schema.org\",\"@graph\":[{\"@type\":\"WebPage\",\"@id\":\"https:\/\/cenva.hemsida.eu\/butik\/forsaljnings-och-leveransvillkor\/\",\"url\":\"https:\/\/cenva.hemsida.eu\/butik\/forsaljnings-och-leveransvillkor\/\",\"name\":\"F\u00f6rs\u00e4ljnings- och leveransvillkor | Webbutiken | Cenva AB\",\"isPartOf\":{\"@id\":\"https:\/\/cenva.hemsida.eu\/butik\/#website\"},\"primaryImageOfPage\":{\"@id\":\"https:\/\/cenva.hemsida.eu\/butik\/forsaljnings-och-leveransvillkor\/#primaryimage\"},\"image\":{\"@id\":\"https:\/\/cenva.hemsida.eu\/butik\/forsaljnings-och-leveransvillkor\/#primaryimage\"},\"thumbnailUrl\":\"https:\/\/cenva.hemsida.eu\/butik\/wp-content\/uploads\/payson.png\",\"datePublished\":\"2017-10-04T07:29:57+00:00\",\"dateModified\":\"2024-05-28T09:06:22+00:00\",\"breadcrumb\":{\"@id\":\"https:\/\/cenva.hemsida.eu\/butik\/forsaljnings-och-leveransvillkor\/#breadcrumb\"},\"inLanguage\":\"sv-SE\",\"potentialAction\":[{\"@type\":\"ReadAction\",\"target\":[\"https:\/\/cenva.hemsida.eu\/butik\/forsaljnings-och-leveransvillkor\/\"]}]},{\"@type\":\"ImageObject\",\"inLanguage\":\"sv-SE\",\"@id\":\"https:\/\/cenva.hemsida.eu\/butik\/forsaljnings-och-leveransvillkor\/#primaryimage\",\"url\":\"https:\/\/cenva.hemsida.eu\/butik\/wp-content\/uploads\/payson.png\",\"contentUrl\":\"https:\/\/cenva.hemsida.eu\/butik\/wp-content\/uploads\/payson.png\",\"width\":140,\"height\":55},{\"@type\":\"BreadcrumbList\",\"@id\":\"https:\/\/cenva.hemsida.eu\/butik\/forsaljnings-och-leveransvillkor\/#breadcrumb\",\"itemListElement\":[{\"@type\":\"ListItem\",\"position\":1,\"name\":\"Hem\",\"item\":\"https:\/\/cenva.hemsida.eu\/butik\/\"},{\"@type\":\"ListItem\",\"position\":2,\"name\":\"F\u00f6rs\u00e4ljnings- och leveransvillkor\"}]},{\"@type\":\"WebSite\",\"@id\":\"https:\/\/cenva.hemsida.eu\/butik\/#website\",\"url\":\"https:\/\/cenva.hemsida.eu\/butik\/\",\"name\":\"Webbutiken | Cenva AB\",\"description\":\"Centraldammsugare butiken\",\"potentialAction\":[{\"@type\":\"SearchAction\",\"target\":{\"@type\":\"EntryPoint\",\"urlTemplate\":\"https:\/\/cenva.hemsida.eu\/butik\/?s={search_term_string}\"},\"query-input\":{\"@type\":\"PropertyValueSpecification\",\"valueRequired\":true,\"valueName\":\"search_term_string\"}}],\"inLanguage\":\"sv-SE\"}]}<\/script>\n<!-- \/ Yoast SEO plugin. -->","yoast_head_json":{"title":"F\u00f6rs\u00e4ljnings- och leveransvillkor | Webbutiken | Cenva AB","robots":{"index":"noindex","follow":"follow","max-snippet":"max-snippet:-1","max-image-preview":"max-image-preview:large","max-video-preview":"max-video-preview:-1"},"og_locale":"sv_SE","og_type":"article","og_title":"F\u00f6rs\u00e4ljnings- och leveransvillkor | Webbutiken | Cenva AB","og_url":"https:\/\/cenva.hemsida.eu\/butik\/forsaljnings-och-leveransvillkor\/","og_site_name":"Webbutiken | Cenva AB","article_publisher":"https:\/\/www.facebook.com\/Cenva-AB-Centraldammsugare-1544305639196589","article_modified_time":"2024-05-28T09:06:22+00:00","og_image":[{"url":"https:\/\/cenva.hemsida.eu\/butik\/wp-content\/uploads\/payson.png","type":"","width":"","height":""}],"twitter_card":"summary_large_image","schema":{"@context":"https:\/\/schema.org","@graph":[{"@type":"WebPage","@id":"https:\/\/cenva.hemsida.eu\/butik\/forsaljnings-och-leveransvillkor\/","url":"https:\/\/cenva.hemsida.eu\/butik\/forsaljnings-och-leveransvillkor\/","name":"F\u00f6rs\u00e4ljnings- och leveransvillkor | Webbutiken | Cenva AB","isPartOf":{"@id":"https:\/\/cenva.hemsida.eu\/butik\/#website"},"primaryImageOfPage":{"@id":"https:\/\/cenva.hemsida.eu\/butik\/forsaljnings-och-leveransvillkor\/#primaryimage"},"image":{"@id":"https:\/\/cenva.hemsida.eu\/butik\/forsaljnings-och-leveransvillkor\/#primaryimage"},"thumbnailUrl":"https:\/\/cenva.hemsida.eu\/butik\/wp-content\/uploads\/payson.png","datePublished":"2017-10-04T07:29:57+00:00","dateModified":"2024-05-28T09:06:22+00:00","breadcrumb":{"@id":"https:\/\/cenva.hemsida.eu\/butik\/forsaljnings-och-leveransvillkor\/#breadcrumb"},"inLanguage":"sv-SE","potentialAction":[{"@type":"ReadAction","target":["https:\/\/cenva.hemsida.eu\/butik\/forsaljnings-och-leveransvillkor\/"]}]},{"@type":"ImageObject","inLanguage":"sv-SE","@id":"https:\/\/cenva.hemsida.eu\/butik\/forsaljnings-och-leveransvillkor\/#primaryimage","url":"https:\/\/cenva.hemsida.eu\/butik\/wp-content\/uploads\/payson.png","contentUrl":"https:\/\/cenva.hemsida.eu\/butik\/wp-content\/uploads\/payson.png","width":140,"height":55},{"@type":"BreadcrumbList","@id":"https:\/\/cenva.hemsida.eu\/butik\/forsaljnings-och-leveransvillkor\/#breadcrumb","itemListElement":[{"@type":"ListItem","position":1,"name":"Hem","item":"https:\/\/cenva.hemsida.eu\/butik\/"},{"@type":"ListItem","position":2,"name":"F\u00f6rs\u00e4ljnings- och leveransvillkor"}]},{"@type":"WebSite","@id":"https:\/\/cenva.hemsida.eu\/butik\/#website","url":"https:\/\/cenva.hemsida.eu\/butik\/","name":"Webbutiken | Cenva AB","description":"Centraldammsugare butiken","potentialAction":[{"@type":"SearchAction","target":{"@type":"EntryPoint","urlTemplate":"https:\/\/cenva.hemsida.eu\/butik\/?s={search_term_string}"},"query-input":{"@type":"PropertyValueSpecification","valueRequired":true,"valueName":"search_term_string"}}],"inLanguage":"sv-SE"}]}},"_links":{"self":[{"href":"https:\/\/cenva.hemsida.eu\/butik\/wp-json\/wp\/v2\/pages\/19336","targetHints":{"allow":["GET"]}}],"collection":[{"href":"https:\/\/cenva.hemsida.eu\/butik\/wp-json\/wp\/v2\/pages"}],"about":[{"href":"https:\/\/cenva.hemsida.eu\/butik\/wp-json\/wp\/v2\/types\/page"}],"author":[{"embeddable":true,"href":"https:\/\/cenva.hemsida.eu\/butik\/wp-json\/wp\/v2\/users\/1"}],"replies":[{"embeddable":true,"href":"https:\/\/cenva.hemsida.eu\/butik\/wp-json\/wp\/v2\/comments?post=19336"}],"version-history":[{"count":0,"href":"https:\/\/cenva.hemsida.eu\/butik\/wp-json\/wp\/v2\/pages\/19336\/revisions"}],"wp:attachment":[{"href":"https:\/\/cenva.hemsida.eu\/butik\/wp-json\/wp\/v2\/media?parent=19336"}],"curies":[{"name":"wp","href":"https:\/\/api.w.org\/{rel}","templated":true}]}}